{"id":1155,"date":"2015-03-20T08:52:35","date_gmt":"2015-03-20T07:52:35","guid":{"rendered":"http:\/\/christusnews.de\/site\/?page_id=1155"},"modified":"2020-02-15T19:21:50","modified_gmt":"2020-02-15T18:21:50","slug":"gemeindekirchenrat","status":"publish","type":"page","link":"https:\/\/christusnews.de\/site\/gemeinde\/gemeindekirchenrat\/","title":{"rendered":"Gemeindekirchenrat"},"content":{"rendered":"<div class=\"wpb-content-wrapper\"><p>[vc_row][vc_column][vc_column_text]<\/p>\n<div class=\"page\" title=\"Page 1\">\n<div class=\"layoutArea\">\n<div class=\"column\">\n<p>Dem Gemeindekirchenrat obliegt die Leitung der Kirchengemeinde. Er ist verantwortlich f\u00fcr die Gestaltung der Gottesdienste und des Gemeindelebens in den verschiedensten Bereichen. Die Nutzung und Erhaltung der kirchlichen Geb\u00e4ude liegt in seiner Verantwortung. Der Gemeindekirchenrat verwaltet die Finanzen der Gemeinde und entscheidet \u00fcber die Verwendung der finanziellen Mittel. Die Aufgaben unseres Gemeindekirchenrates sind damit umrissen, keineswegs vollst\u00e4ndig. Wir sind auf Ihre Unterst\u00fctzung und auf Ihre Ideen angewiesen. Sprechen Sie uns bitte an, wenn Sie Vorschl\u00e4ge oder Sorgen haben, die unsere Arbeit betreffen. Der Gemeindekirchenrat ist darauf angewiesen zu h\u00f6ren, was die Gemeinde bewegt und was sie sich von der Leitung der Gemeinde erhofft.<\/p>\n<p>&nbsp;<\/p>\n<p>Unser Gemeindekirchenrat besteht aus 10 Mitgliedern, die f\u00fcr 6 Jahre von den Gemeindegliedern gew\u00e4hlt werden und den Pastoren der Gemeinde, sowie dem Milit\u00e4rpfarrer. Der Gemeindekirchenrat trifft sich einmal im Monat zu einer \u00f6ffentlichen Sitzung.<\/p>\n<p>&nbsp;<\/p>\n<p>&nbsp;<\/p>\n<\/div>\n<\/div>\n<\/div>\n<p>[\/vc_column_text][\/vc_column][\/vc_row][vc_row][vc_column]<div class=\"team_block left-to-right\"><h3 class=\"animate-onscroll no-margin-top\">Unser Gemeindekirchenrat<\/h3><div class=\"row\"><div class=\"col-lg-4 col-md-4 col-sm-6\"><div class=\"team-member animate-onscroll \">\r\n\t\t\t\t\t\t\t\t\t\r\n\t\t\t\t\t\t\t\t\t<img decoding=\"async\" class=\"team-member-image\" src=\"https:\/\/christusnews.de\/site\/wp-content\/uploads\/cn-gkr_busemann-bernhard-pastor-427x480.jpg\" alt=\"\">\r\n\t\t\t\t\t\t\t\t\t\r\n\t\t\t\t\t\t\t\t\t<div class=\"team-member-info\">\r\n\t\t\t\t\t\t\t\t\t\t\r\n\t\t\t\t\t\t\t\t\t\t<h2><a href=\"https:\/\/christusnews.de\/site\/team_members\/bernhard-busemann\/\" class=\"team-link\">Bernhard Busemann<\/a><\/h2>\r\n\t\t\t\t\t\t\t\t\t\t<span class=\"job\">Pastor<\/span>\r\n\t\t\t\t\t\t\t\t\t\t\r\n\t\t\t\t\t\t\t\t\t\t<div class=\"team-member-more\">\r\n\t\t\t\t\t\t\t\t\t\t\t<p>Am\u00a0Kirchplatz 3 \/\/\u00a026382 Wilhelmshaven \/\/\u00a0Telefon 04421-983339<\/p>\n <div class=\"social-media\">\r\n\t\t\t\t\t\t\t\t\t\t\t\t<span class=\"small-caption\">Get connected:<\/span>\r\n\t\t\t\t\t\t\t\t\t\t\t\t<ul class=\"social-icons\"><li class=\"email\"><a href=\"mailto:mailto:bernhard.busemann@kirche-oldenburg.de\" class=\"tooltip-ontop\" title=\"Email\"><i class=\"icons icon-mail\"><\/i><\/a><\/li><\/ul><\/div><\/div>\r\n\t\t\t\t\t\t\t\t\t\t\r\n\t\t\t\t\t\t\t\t\t<\/div>\r\n\t\t\t\t\t\t\t\t\t\r\n\t\t\t\t\t\t\t\t<\/div><\/div><div class=\"col-lg-4 col-md-4 col-sm-6\"><div class=\"team-member animate-onscroll \">\r\n\t\t\t\t\t\t\t\t\t\r\n\t\t\t\t\t\t\t\t\t<img decoding=\"async\" class=\"team-member-image\" src=\"https:\/\/christusnews.de\/site\/wp-content\/uploads\/cn-gkr_morgenstern-frank-pastor-427x480.jpg\" alt=\"\">\r\n\t\t\t\t\t\t\t\t\t\r\n\t\t\t\t\t\t\t\t\t<div class=\"team-member-info\">\r\n\t\t\t\t\t\t\t\t\t\t\r\n\t\t\t\t\t\t\t\t\t\t<h2><a href=\"https:\/\/christusnews.de\/site\/team_members\/frank-morgenstern\/\" class=\"team-link\">Frank Morgenstern<\/a><\/h2>\r\n\t\t\t\t\t\t\t\t\t\t<span class=\"job\">Pastor<\/span>\r\n\t\t\t\t\t\t\t\t\t\t\r\n\t\t\t\t\t\t\t\t\t\t<div class=\"team-member-more\">\r\n\t\t\t\t\t\t\t\t\t\t\t<p>Viktoriastr. 30 \/\/\u00a026382 Wilhelmshaven \/\/\u00a0Telefon 04421-22205<\/p>\n <div class=\"social-media\">\r\n\t\t\t\t\t\t\t\t\t\t\t\t<span class=\"small-caption\">Get connected:<\/span>\r\n\t\t\t\t\t\t\t\t\t\t\t\t<ul class=\"social-icons\"><li class=\"facebook\"><a href=\"https:\/\/www.facebook.com\/frank.morgenstern\" class=\"tooltip-ontop\" title=\"Facebook\"><i class=\"icons icon-facebook\"><\/i><\/a><\/li><li class=\"email\"><a href=\"mailto:frank.morgenstern@kirche-oldenburg.de\" class=\"tooltip-ontop\" title=\"Email\"><i class=\"icons icon-mail\"><\/i><\/a><\/li><\/ul><\/div><\/div>\r\n\t\t\t\t\t\t\t\t\t\t\r\n\t\t\t\t\t\t\t\t\t<\/div>\r\n\t\t\t\t\t\t\t\t\t\r\n\t\t\t\t\t\t\t\t<\/div><\/div><div class=\"col-lg-4 col-md-4 col-sm-6\"><div class=\"team-member animate-onscroll \">\r\n\t\t\t\t\t\t\t\t\t\r\n\t\t\t\t\t\t\t\t\t<img decoding=\"async\" class=\"team-member-image\" src=\"https:\/\/christusnews.de\/site\/wp-content\/uploads\/cn-gkr_winkel-fiedelak-marion-427x480.jpg\" alt=\"\">\r\n\t\t\t\t\t\t\t\t\t\r\n\t\t\t\t\t\t\t\t\t<div class=\"team-member-info\">\r\n\t\t\t\t\t\t\t\t\t\t\r\n\t\t\t\t\t\t\t\t\t\t<h2><a href=\"https:\/\/christusnews.de\/site\/team_members\/marion-winkel-fiedelak\/\" class=\"team-link\">Marion Winkel-Fiedelak<\/a><\/h2>\r\n\t\t\t\t\t\t\t\t\t\t<span class=\"job\">Gemeindekirchenrat<\/span>\r\n\t\t\t\t\t\t\t\t\t\t\r\n\t\t\t\t\t\t\t\t\t\t<div class=\"team-member-more\">\r\n\t\t\t\t\t\t\t\t\t\t\t <div class=\"social-media\">\r\n\t\t\t\t\t\t\t\t\t\t\t\t<span class=\"small-caption\">Get connected:<\/span>\r\n\t\t\t\t\t\t\t\t\t\t\t\t<ul class=\"social-icons\"><\/ul><\/div><\/div>\r\n\t\t\t\t\t\t\t\t\t\t\r\n\t\t\t\t\t\t\t\t\t<\/div>\r\n\t\t\t\t\t\t\t\t\t\r\n\t\t\t\t\t\t\t\t<\/div><\/div><div class=\"col-lg-4 col-md-4 col-sm-6\"><div class=\"team-member animate-onscroll \">\r\n\t\t\t\t\t\t\t\t\t\r\n\t\t\t\t\t\t\t\t\t<img decoding=\"async\" class=\"team-member-image\" src=\"https:\/\/christusnews.de\/site\/wp-content\/uploads\/cn-gkr_schulz-dina-1-427x480.jpg\" alt=\"\">\r\n\t\t\t\t\t\t\t\t\t\r\n\t\t\t\t\t\t\t\t\t<div class=\"team-member-info\">\r\n\t\t\t\t\t\t\t\t\t\t\r\n\t\t\t\t\t\t\t\t\t\t<h2><a href=\"https:\/\/christusnews.de\/site\/team_members\/dina-schulz\/\" class=\"team-link\">Dina Schulz<\/a><\/h2>\r\n\t\t\t\t\t\t\t\t\t\t<span class=\"job\">Gemeindekirchenrat | Teamassistenz CityKirche<\/span>\r\n\t\t\t\t\t\t\t\t\t\t\r\n\t\t\t\t\t\t\t\t\t\t<div class=\"team-member-more\">\r\n\t\t\t\t\t\t\t\t\t\t\t <div class=\"social-media\">\r\n\t\t\t\t\t\t\t\t\t\t\t\t<span class=\"small-caption\">Get connected:<\/span>\r\n\t\t\t\t\t\t\t\t\t\t\t\t<ul class=\"social-icons\"><li class=\"email\"><a href=\"mailto:dina.schulz@christusnews.de\" class=\"tooltip-ontop\" title=\"Email\"><i class=\"icons icon-mail\"><\/i><\/a><\/li><\/ul><\/div><\/div>\r\n\t\t\t\t\t\t\t\t\t\t\r\n\t\t\t\t\t\t\t\t\t<\/div>\r\n\t\t\t\t\t\t\t\t\t\r\n\t\t\t\t\t\t\t\t<\/div><\/div><div class=\"col-lg-4 col-md-4 col-sm-6\"><div class=\"team-member animate-onscroll \">\r\n\t\t\t\t\t\t\t\t\t\r\n\t\t\t\t\t\t\t\t\t<img decoding=\"async\" class=\"team-member-image\" src=\"https:\/\/christusnews.de\/site\/wp-content\/uploads\/cn-gkr_schindel-ronja-427x480.jpg\" alt=\"\">\r\n\t\t\t\t\t\t\t\t\t\r\n\t\t\t\t\t\t\t\t\t<div class=\"team-member-info\">\r\n\t\t\t\t\t\t\t\t\t\t\r\n\t\t\t\t\t\t\t\t\t\t<h2><a href=\"https:\/\/christusnews.de\/site\/team_members\/ronja-schindel\/\" class=\"team-link\">Ronja Schindel<\/a><\/h2>\r\n\t\t\t\t\t\t\t\t\t\t<span class=\"job\">Gemeindekirchenrat<\/span>\r\n\t\t\t\t\t\t\t\t\t\t\r\n\t\t\t\t\t\t\t\t\t\t<div class=\"team-member-more\">\r\n\t\t\t\t\t\t\t\t\t\t\t <div class=\"social-media\">\r\n\t\t\t\t\t\t\t\t\t\t\t\t<span class=\"small-caption\">Get connected:<\/span>\r\n\t\t\t\t\t\t\t\t\t\t\t\t<ul class=\"social-icons\"><\/ul><\/div><\/div>\r\n\t\t\t\t\t\t\t\t\t\t\r\n\t\t\t\t\t\t\t\t\t<\/div>\r\n\t\t\t\t\t\t\t\t\t\r\n\t\t\t\t\t\t\t\t<\/div><\/div><div class=\"col-lg-4 col-md-4 col-sm-6\"><div class=\"team-member animate-onscroll \">\r\n\t\t\t\t\t\t\t\t\t\r\n\t\t\t\t\t\t\t\t\t<img decoding=\"async\" class=\"team-member-image\" src=\"https:\/\/christusnews.de\/site\/wp-content\/uploads\/cn-gkr_schaarschmidt-ruediger-427x480.jpg\" alt=\"\">\r\n\t\t\t\t\t\t\t\t\t\r\n\t\t\t\t\t\t\t\t\t<div class=\"team-member-info\">\r\n\t\t\t\t\t\t\t\t\t\t\r\n\t\t\t\t\t\t\t\t\t\t<h2><a href=\"https:\/\/christusnews.de\/site\/team_members\/ruediger-schaarschmidt\/\" class=\"team-link\">R\u00fcdiger Schaarschmidt<\/a><\/h2>\r\n\t\t\t\t\t\t\t\t\t\t<span class=\"job\">Gemeindekirchenrat<\/span>\r\n\t\t\t\t\t\t\t\t\t\t\r\n\t\t\t\t\t\t\t\t\t\t<div class=\"team-member-more\">\r\n\t\t\t\t\t\t\t\t\t\t\t <div class=\"social-media\">\r\n\t\t\t\t\t\t\t\t\t\t\t\t<span class=\"small-caption\">Get connected:<\/span>\r\n\t\t\t\t\t\t\t\t\t\t\t\t<ul class=\"social-icons\"><\/ul><\/div><\/div>\r\n\t\t\t\t\t\t\t\t\t\t\r\n\t\t\t\t\t\t\t\t\t<\/div>\r\n\t\t\t\t\t\t\t\t\t\r\n\t\t\t\t\t\t\t\t<\/div><\/div><div class=\"col-lg-4 col-md-4 col-sm-6\"><div class=\"team-member animate-onscroll \">\r\n\t\t\t\t\t\t\t\t\t\r\n\t\t\t\t\t\t\t\t\t<img decoding=\"async\" class=\"team-member-image\" src=\"https:\/\/christusnews.de\/site\/wp-content\/uploads\/cn-gkr_rehder-lisa-427x480.jpg\" alt=\"\">\r\n\t\t\t\t\t\t\t\t\t\r\n\t\t\t\t\t\t\t\t\t<div class=\"team-member-info\">\r\n\t\t\t\t\t\t\t\t\t\t\r\n\t\t\t\t\t\t\t\t\t\t<h2><a href=\"https:\/\/christusnews.de\/site\/team_members\/lisa-rehder\/\" class=\"team-link\">Lisa Rehder<\/a><\/h2>\r\n\t\t\t\t\t\t\t\t\t\t<span class=\"job\">Gemeindekirchenrat<\/span>\r\n\t\t\t\t\t\t\t\t\t\t\r\n\t\t\t\t\t\t\t\t\t\t<div class=\"team-member-more\">\r\n\t\t\t\t\t\t\t\t\t\t\t <div class=\"social-media\">\r\n\t\t\t\t\t\t\t\t\t\t\t\t<span class=\"small-caption\">Get connected:<\/span>\r\n\t\t\t\t\t\t\t\t\t\t\t\t<ul class=\"social-icons\"><\/ul><\/div><\/div>\r\n\t\t\t\t\t\t\t\t\t\t\r\n\t\t\t\t\t\t\t\t\t<\/div>\r\n\t\t\t\t\t\t\t\t\t\r\n\t\t\t\t\t\t\t\t<\/div><\/div><div class=\"col-lg-4 col-md-4 col-sm-6\"><div class=\"team-member animate-onscroll \">\r\n\t\t\t\t\t\t\t\t\t\r\n\t\t\t\t\t\t\t\t\t<img decoding=\"async\" class=\"team-member-image\" src=\"https:\/\/christusnews.de\/site\/wp-content\/uploads\/cn-gkr_oheim-lars-427x480.jpg\" alt=\"\">\r\n\t\t\t\t\t\t\t\t\t\r\n\t\t\t\t\t\t\t\t\t<div class=\"team-member-info\">\r\n\t\t\t\t\t\t\t\t\t\t\r\n\t\t\t\t\t\t\t\t\t\t<h2><a href=\"https:\/\/christusnews.de\/site\/team_members\/lars-oheim\/\" class=\"team-link\">Lars Oheim<\/a><\/h2>\r\n\t\t\t\t\t\t\t\t\t\t<span class=\"job\">Gemeindekirchenrat<\/span>\r\n\t\t\t\t\t\t\t\t\t\t\r\n\t\t\t\t\t\t\t\t\t\t<div class=\"team-member-more\">\r\n\t\t\t\t\t\t\t\t\t\t\t <div class=\"social-media\">\r\n\t\t\t\t\t\t\t\t\t\t\t\t<span class=\"small-caption\">Get connected:<\/span>\r\n\t\t\t\t\t\t\t\t\t\t\t\t<ul class=\"social-icons\"><\/ul><\/div><\/div>\r\n\t\t\t\t\t\t\t\t\t\t\r\n\t\t\t\t\t\t\t\t\t<\/div>\r\n\t\t\t\t\t\t\t\t\t\r\n\t\t\t\t\t\t\t\t<\/div><\/div><div class=\"col-lg-4 col-md-4 col-sm-6\"><div class=\"team-member animate-onscroll \">\r\n\t\t\t\t\t\t\t\t\t\r\n\t\t\t\t\t\t\t\t\t<img decoding=\"async\" class=\"team-member-image\" src=\"https:\/\/christusnews.de\/site\/wp-content\/uploads\/cn-gkr_kuels-bitter-heike-427x480.jpg\" alt=\"\">\r\n\t\t\t\t\t\t\t\t\t\r\n\t\t\t\t\t\t\t\t\t<div class=\"team-member-info\">\r\n\t\t\t\t\t\t\t\t\t\t\r\n\t\t\t\t\t\t\t\t\t\t<h2><a href=\"https:\/\/christusnews.de\/site\/team_members\/heike-kuels-bitter\/\" class=\"team-link\">Heike K\u00fcls-Bitter<\/a><\/h2>\r\n\t\t\t\t\t\t\t\t\t\t<span class=\"job\">Gemeindekirchenrat<\/span>\r\n\t\t\t\t\t\t\t\t\t\t\r\n\t\t\t\t\t\t\t\t\t\t<div class=\"team-member-more\">\r\n\t\t\t\t\t\t\t\t\t\t\t <div class=\"social-media\">\r\n\t\t\t\t\t\t\t\t\t\t\t\t<span class=\"small-caption\">Get connected:<\/span>\r\n\t\t\t\t\t\t\t\t\t\t\t\t<ul class=\"social-icons\"><\/ul><\/div><\/div>\r\n\t\t\t\t\t\t\t\t\t\t\r\n\t\t\t\t\t\t\t\t\t<\/div>\r\n\t\t\t\t\t\t\t\t\t\r\n\t\t\t\t\t\t\t\t<\/div><\/div><div class=\"col-lg-4 col-md-4 col-sm-6\"><div class=\"team-member animate-onscroll \">\r\n\t\t\t\t\t\t\t\t\t\r\n\t\t\t\t\t\t\t\t\t<img decoding=\"async\" class=\"team-member-image\" src=\"https:\/\/christusnews.de\/site\/wp-content\/uploads\/cn-gkr_klosse-rainer-427x480.jpg\" alt=\"\">\r\n\t\t\t\t\t\t\t\t\t\r\n\t\t\t\t\t\t\t\t\t<div class=\"team-member-info\">\r\n\t\t\t\t\t\t\t\t\t\t\r\n\t\t\t\t\t\t\t\t\t\t<h2><a href=\"https:\/\/christusnews.de\/site\/team_members\/rainer-klosse\/\" class=\"team-link\">Rainer Klosse<\/a><\/h2>\r\n\t\t\t\t\t\t\t\t\t\t<span class=\"job\">Gemeindekirchenrat<\/span>\r\n\t\t\t\t\t\t\t\t\t\t\r\n\t\t\t\t\t\t\t\t\t\t<div class=\"team-member-more\">\r\n\t\t\t\t\t\t\t\t\t\t\t <div class=\"social-media\">\r\n\t\t\t\t\t\t\t\t\t\t\t\t<span class=\"small-caption\">Get connected:<\/span>\r\n\t\t\t\t\t\t\t\t\t\t\t\t<ul class=\"social-icons\"><\/ul><\/div><\/div>\r\n\t\t\t\t\t\t\t\t\t\t\r\n\t\t\t\t\t\t\t\t\t<\/div>\r\n\t\t\t\t\t\t\t\t\t\r\n\t\t\t\t\t\t\t\t<\/div><\/div><div class=\"col-lg-4 col-md-4 col-sm-6\"><div class=\"team-member animate-onscroll \">\r\n\t\t\t\t\t\t\t\t\t\r\n\t\t\t\t\t\t\t\t\t<img decoding=\"async\" class=\"team-member-image\" src=\"https:\/\/christusnews.de\/site\/wp-content\/uploads\/cn-gkr_kallusky-juliane-427x480.jpg\" alt=\"\">\r\n\t\t\t\t\t\t\t\t\t\r\n\t\t\t\t\t\t\t\t\t<div class=\"team-member-info\">\r\n\t\t\t\t\t\t\t\t\t\t\r\n\t\t\t\t\t\t\t\t\t\t<h2><a href=\"https:\/\/christusnews.de\/site\/team_members\/juliane-kallusky\/\" class=\"team-link\">Juliane Kallusky<\/a><\/h2>\r\n\t\t\t\t\t\t\t\t\t\t<span class=\"job\">Gemeindekirchenrat<\/span>\r\n\t\t\t\t\t\t\t\t\t\t\r\n\t\t\t\t\t\t\t\t\t\t<div class=\"team-member-more\">\r\n\t\t\t\t\t\t\t\t\t\t\t <div class=\"social-media\">\r\n\t\t\t\t\t\t\t\t\t\t\t\t<span class=\"small-caption\">Get connected:<\/span>\r\n\t\t\t\t\t\t\t\t\t\t\t\t<ul class=\"social-icons\"><\/ul><\/div><\/div>\r\n\t\t\t\t\t\t\t\t\t\t\r\n\t\t\t\t\t\t\t\t\t<\/div>\r\n\t\t\t\t\t\t\t\t\t\r\n\t\t\t\t\t\t\t\t<\/div><\/div><div class=\"col-lg-4 col-md-4 col-sm-6\"><div class=\"team-member animate-onscroll \">\r\n\t\t\t\t\t\t\t\t\t\r\n\t\t\t\t\t\t\t\t\t<img decoding=\"async\" class=\"team-member-image\" src=\"https:\/\/christusnews.de\/site\/wp-content\/uploads\/cn-gkr_griesemann-oda-427x480.jpg\" alt=\"\">\r\n\t\t\t\t\t\t\t\t\t\r\n\t\t\t\t\t\t\t\t\t<div class=\"team-member-info\">\r\n\t\t\t\t\t\t\t\t\t\t\r\n\t\t\t\t\t\t\t\t\t\t<h2><a href=\"https:\/\/christusnews.de\/site\/team_members\/oda-griesemann\/\" class=\"team-link\">Oda Griesemann<\/a><\/h2>\r\n\t\t\t\t\t\t\t\t\t\t<span class=\"job\">Gemeindekirchenrat<\/span>\r\n\t\t\t\t\t\t\t\t\t\t\r\n\t\t\t\t\t\t\t\t\t\t<div class=\"team-member-more\">\r\n\t\t\t\t\t\t\t\t\t\t\t <div class=\"social-media\">\r\n\t\t\t\t\t\t\t\t\t\t\t\t<span class=\"small-caption\">Get connected:<\/span>\r\n\t\t\t\t\t\t\t\t\t\t\t\t<ul class=\"social-icons\"><\/ul><\/div><\/div>\r\n\t\t\t\t\t\t\t\t\t\t\r\n\t\t\t\t\t\t\t\t\t<\/div>\r\n\t\t\t\t\t\t\t\t\t\r\n\t\t\t\t\t\t\t\t<\/div><\/div><div class=\"col-lg-4 col-md-4 col-sm-6\"><div class=\"team-member animate-onscroll \">\r\n\t\t\t\t\t\t\t\t\t\r\n\t\t\t\t\t\t\t\t\t<img decoding=\"async\" class=\"team-member-image\" src=\"https:\/\/christusnews.de\/site\/wp-content\/uploads\/cn-gkr_de_vries-michael-427x480.jpg\" alt=\"\">\r\n\t\t\t\t\t\t\t\t\t\r\n\t\t\t\t\t\t\t\t\t<div class=\"team-member-info\">\r\n\t\t\t\t\t\t\t\t\t\t\r\n\t\t\t\t\t\t\t\t\t\t<h2><a href=\"https:\/\/christusnews.de\/site\/team_members\/michael-de-vries\/\" class=\"team-link\">Michael De Vries<\/a><\/h2>\r\n\t\t\t\t\t\t\t\t\t\t<span class=\"job\">Gemeindekirchenrat<\/span>\r\n\t\t\t\t\t\t\t\t\t\t\r\n\t\t\t\t\t\t\t\t\t\t<div class=\"team-member-more\">\r\n\t\t\t\t\t\t\t\t\t\t\t <div class=\"social-media\">\r\n\t\t\t\t\t\t\t\t\t\t\t\t<span class=\"small-caption\">Get connected:<\/span>\r\n\t\t\t\t\t\t\t\t\t\t\t\t<ul class=\"social-icons\"><\/ul><\/div><\/div>\r\n\t\t\t\t\t\t\t\t\t\t\r\n\t\t\t\t\t\t\t\t\t<\/div>\r\n\t\t\t\t\t\t\t\t\t\r\n\t\t\t\t\t\t\t\t<\/div><\/div><div class=\"col-lg-4 col-md-4 col-sm-6\"><div class=\"team-member animate-onscroll \">\r\n\t\t\t\t\t\t\t\t\t\r\n\t\t\t\t\t\t\t\t\t<img decoding=\"async\" class=\"team-member-image\" src=\"https:\/\/christusnews.de\/site\/wp-content\/uploads\/cn-gkr_bohlen_janssen-uta-427x480.jpg\" alt=\"\">\r\n\t\t\t\t\t\t\t\t\t\r\n\t\t\t\t\t\t\t\t\t<div class=\"team-member-info\">\r\n\t\t\t\t\t\t\t\t\t\t\r\n\t\t\t\t\t\t\t\t\t\t<h2><a href=\"https:\/\/christusnews.de\/site\/team_members\/uta-bohlen-janssen\/\" class=\"team-link\">Uta Bohlen-Janssen<\/a><\/h2>\r\n\t\t\t\t\t\t\t\t\t\t<span class=\"job\">Gemeindekirchenrat<\/span>\r\n\t\t\t\t\t\t\t\t\t\t\r\n\t\t\t\t\t\t\t\t\t\t<div class=\"team-member-more\">\r\n\t\t\t\t\t\t\t\t\t\t\t <div class=\"social-media\">\r\n\t\t\t\t\t\t\t\t\t\t\t\t<span class=\"small-caption\">Get connected:<\/span>\r\n\t\t\t\t\t\t\t\t\t\t\t\t<ul class=\"social-icons\"><\/ul><\/div><\/div>\r\n\t\t\t\t\t\t\t\t\t\t\r\n\t\t\t\t\t\t\t\t\t<\/div>\r\n\t\t\t\t\t\t\t\t\t\r\n\t\t\t\t\t\t\t\t<\/div><\/div><\/div><\/div>[\/vc_column][\/vc_row]<\/p>\n<\/div>","protected":false},"excerpt":{"rendered":"<p>[vc_row][vc_column][vc_column_text] Dem Gemeindekirchenrat obliegt die Leitung der Kirchengemeinde. Er ist verantwortlich f\u00fcr die Gestaltung der Gottesdienste und des Gemeindelebens in den verschiedensten Bereichen. Die Nutzung und Erhaltung der kirchlichen Geb\u00e4ude liegt in seiner Verantwortung. Der Gemeindekirchenrat verwaltet die Finanzen der Gemeinde und entscheidet \u00fcber die Verwendung der finanziellen Mittel. Die Aufgaben unseres Gemeindekirchenrates sind damit umrissen, keineswegs vollst\u00e4ndig. Wir sind auf Ihre Unterst\u00fctzung und auf Ihre Ideen angewiesen. Sprechen Sie uns bitte an, wenn Sie Vorschl\u00e4ge oder Sorgen haben, die unsere Arbeit betreffen. Der Gemeindekirchenrat ist darauf angewiesen zu h\u00f6ren, was die Gemeinde bewegt und was sie sich von der&#8230;<\/p>\n","protected":false},"author":1,"featured_media":0,"parent":847,"menu_order":7,"comment_status":"closed","ping_status":"closed","template":"","meta":{"footnotes":""},"class_list":["post-1155","page","type-page","status-publish","hentry"],"_links":{"self":[{"href":"https:\/\/christusnews.de\/site\/wp-json\/wp\/v2\/pages\/1155","targetHints":{"allow":["GET"]}}],"collection":[{"href":"https:\/\/christusnews.de\/site\/wp-json\/wp\/v2\/pages"}],"about":[{"href":"https:\/\/christusnews.de\/site\/wp-json\/wp\/v2\/types\/page"}],"author":[{"embeddable":true,"href":"https:\/\/christusnews.de\/site\/wp-json\/wp\/v2\/users\/1"}],"replies":[{"embeddable":true,"href":"https:\/\/christusnews.de\/site\/wp-json\/wp\/v2\/comments?post=1155"}],"version-history":[{"count":8,"href":"https:\/\/christusnews.de\/site\/wp-json\/wp\/v2\/pages\/1155\/revisions"}],"predecessor-version":[{"id":13734,"href":"https:\/\/christusnews.de\/site\/wp-json\/wp\/v2\/pages\/1155\/revisions\/13734"}],"up":[{"embeddable":true,"href":"https:\/\/christusnews.de\/site\/wp-json\/wp\/v2\/pages\/847"}],"wp:attachment":[{"href":"https:\/\/christusnews.de\/site\/wp-json\/wp\/v2\/media?parent=1155"}],"curies":[{"name":"wp","href":"https:\/\/api.w.org\/{rel}","templated":true}]}}