{"id":1286,"date":"2015-03-20T18:30:37","date_gmt":"2015-03-20T17:30:37","guid":{"rendered":"http:\/\/christusnews.de\/site\/?page_id=1286"},"modified":"2022-10-26T09:54:34","modified_gmt":"2022-10-26T07:54:34","slug":"gospecial","status":"publish","type":"page","link":"https:\/\/christusnews.de\/site\/start\/gospecial\/","title":{"rendered":"GoSpecial"},"content":{"rendered":"<div class=\"wpb-content-wrapper\"><p>[vc_row][vc_column]\n\t\t\t<!-- START CuG_Start REVOLUTION SLIDER 6.7.34 --><p class=\"rs-p-wp-fix\"><\/p>\n\t\t\t<rs-module-wrap id=\"rev_slider_2_1_wrapper\" data-source=\"gallery\" style=\"visibility:hidden;background:#eeeeee;padding:0;margin:0px auto;margin-top:0;margin-bottom:0;\">\n\t\t\t\t<rs-module id=\"rev_slider_2_1\" style=\"\" data-version=\"6.7.34\">\n\t\t\t\t\t<rs-slides style=\"overflow: hidden; position: absolute;\">\n\t\t\t\t\t\t<rs-slide style=\"position: absolute;\" data-key=\"rs-2\" data-title=\"Slide 1\" data-thumb=\"\/\/christusnews.de\/site\/wp-content\/uploads\/revslider\/ticketera_kirche-heppens-1\/banner_bild-100x50.png\" data-anim=\"ms:1800;\" data-in=\"o:0;\" data-out=\"a:false;\">\n\t\t\t\t\t\t\t<img decoding=\"async\" src=\"\/\/christusnews.de\/site\/wp-content\/plugins\/revslider\/sr6\/assets\/assets\/dummy.png\" alt=\"\" title=\"banner_bild.png\" width=\"1680\" height=\"599\" class=\"rev-slidebg tp-rs-img rs-lazyload\" data-lazyload=\"\/\/christusnews.de\/site\/wp-content\/uploads\/revslider\/ticketera_kirche-heppens-1\/banner_bild.png\" data-no-retina>\n<!--\n\t\t\t\t\t\t\t--><rs-layer\n\t\t\t\t\t\t\t\tid=\"slider-2-slide-2-layer-28\" \n\t\t\t\t\t\t\t\tdata-type=\"image\"\n\t\t\t\t\t\t\t\tdata-xy=\"x:c;xo:181px;y:b;yo:127px;\"\n\t\t\t\t\t\t\t\tdata-dim=\"w:754px;h:451px;\"\n\t\t\t\t\t\t\t\tdata-frame_0=\"x:left;\"\n\t\t\t\t\t\t\t\tdata-frame_1=\"e:power4.out;st:760;sp:800;sR:760;\"\n\t\t\t\t\t\t\t\tdata-frame_999=\"x:0;y:0;z:0;sX:0.75;sY:0.75;o:0;rX:0;rY:0;rZ:0;skX:0;skY:0;e:power4.in;st:8000;sp:500;sR:6440;\"\n\t\t\t\t\t\t\t\tstyle=\"z-index:10;\"\n\t\t\t\t\t\t\t><img decoding=\"async\" src=\"\/\/christusnews.de\/site\/wp-content\/plugins\/revslider\/sr6\/assets\/assets\/dummy.png\" alt=\"\" class=\"tp-rs-img rs-lazyload\" width=\"838\" height=\"501\" data-lazyload=\"\/\/christusnews.de\/site\/wp-content\/uploads\/ticketera_kirche-cug_logo2024.png\" data-no-retina> \n\t\t\t\t\t\t\t<\/rs-layer><!--\n-->\t\t\t\t\t<\/rs-slide>\n\t\t\t\t\t\t<rs-slide style=\"position: absolute;\" data-key=\"rs-3\" data-title=\"Slide 1\" data-thumb=\"\/\/christusnews.de\/site\/wp-content\/uploads\/revslider\/ticketera_kirche-heppens-1\/slide_ticketshop_bg-100x50.jpg\" data-anim=\"ms:1800;\" data-in=\"o:0;\" data-out=\"a:false;\">\n\t\t\t\t\t\t\t<img decoding=\"async\" src=\"\/\/christusnews.de\/site\/wp-content\/plugins\/revslider\/sr6\/assets\/assets\/dummy.png\" alt=\"\" title=\"slide_ticketshop_bg.jpg\" width=\"1680\" height=\"599\" class=\"rev-slidebg tp-rs-img rs-lazyload\" data-lazyload=\"\/\/christusnews.de\/site\/wp-content\/uploads\/revslider\/ticketera_kirche-heppens-1\/slide_ticketshop_bg.jpg\" data-no-retina>\n<!--\n\t\t\t\t\t\t\t--><rs-layer\n\t\t\t\t\t\t\t\tid=\"slider-2-slide-3-layer-28\" \n\t\t\t\t\t\t\t\tdata-type=\"image\"\n\t\t\t\t\t\t\t\tdata-xy=\"x:c;xo:226px;y:b;yo:98px;\"\n\t\t\t\t\t\t\t\tdata-dim=\"w:689px;h:412px;\"\n\t\t\t\t\t\t\t\tdata-frame_0=\"x:left;\"\n\t\t\t\t\t\t\t\tdata-frame_1=\"e:power4.out;st:760;sp:800;sR:760;\"\n\t\t\t\t\t\t\t\tdata-frame_999=\"x:0;y:0;z:0;sX:0.75;sY:0.75;o:0;rX:0;rY:0;rZ:0;skX:0;skY:0;e:power4.in;st:8000;sp:500;sR:6440;\"\n\t\t\t\t\t\t\t\tstyle=\"z-index:10;\"\n\t\t\t\t\t\t\t><img decoding=\"async\" src=\"\/\/christusnews.de\/site\/wp-content\/plugins\/revslider\/sr6\/assets\/assets\/dummy.png\" alt=\"\" class=\"tp-rs-img rs-lazyload\" width=\"838\" height=\"501\" data-lazyload=\"\/\/christusnews.de\/site\/wp-content\/uploads\/ticketera_kirche-cug_logo2024.png\" data-no-retina> \n\t\t\t\t\t\t\t<\/rs-layer><!--\n-->\t\t\t\t\t<\/rs-slide>\n\t\t\t\t\t<\/rs-slides>\n\t\t\t\t<\/rs-module>\n\t\t\t\t<script>\n\t\t\t\t\tsetREVStartSize({c: 'rev_slider_2_1',rl:[1240,1024,778,480],el:[600],gw:[1170],gh:[600],type:'standard',justify:'',layout:'fullwidth',mh:\"0\"});if (window.RS_MODULES!==undefined && window.RS_MODULES.modules!==undefined && window.RS_MODULES.modules[\"revslider21\"]!==undefined) {window.RS_MODULES.modules[\"revslider21\"].once = false;window.revapi2 = undefined;if (window.RS_MODULES.checkMinimal!==undefined) window.RS_MODULES.checkMinimal()}\n\t\t\t\t<\/script>\n\t\t\t<\/rs-module-wrap>\n\t\t\t<!-- END REVOLUTION SLIDER -->\n[\/vc_column][\/vc_row][vc_row][vc_column][vc_column_text]<\/p>\n<h3>Was ist GoSpecial?<\/h3>\n<h3><\/h3>\n<div>\n<p>\u201eGoSpecial\u201c oder \u201eGottesdienst Spezial\u201c, ist ein Gottesdienst f\u00fcr diejenigen, die selten bis gar nicht in die Kirche gehen. Herzlich Willkommen sind auch die Menschen, die zwar ganz gerne in die Kirche gehen, aber zuweilen sich den Gottesdienst auch mal etwas anders w\u00fcnschen.<\/p>\n<p>In einem \u201eGoSpecial\u201c erwartet Sie ein interessantes Thema, verpackt in Theaterst\u00fccke, ungewohnte Musik und eine Predigt, die es in sich hat: Anschlie\u00dfend k\u00f6nnen Sie dem Prediger Fragen in der Art eines Kreuzverh\u00f6rs stellen.<\/p>\n<p>Und noch etwas ist anders: Sie d\u00fcrfen in diesem Gottesdienst von ganzem Herzen lachen, klatschen, mitsingen oder einfach nur zuh\u00f6ren. Jede und jeder darf \u201eGoSpecial\u201c so genie\u00dfen, wie er oder sie es gerne tun m\u00f6chte.<\/p>\n<p>Sie k\u00f6nnen und Sie werden entdecken, wie Kirche auch sein kann, irgendwie ganz anders, aber doch auch wieder vertraut.<\/p>\n<p>Kommen Sie einfach vorbei, bringen Sie Freunde und Verwandte mit und feiern Sie mit.<\/p>\n<p>Auch Ihre Kinder sind herzlich Willkommen. F\u00fcr sie haben wir parallel zum \u201eGoSpecial\u201c ein attraktives Programm, w\u00e4hrend ihre Eltern zum \u201eGoSpecial\u201c gehen.<\/p>\n<\/div>\n<p>[\/vc_column_text][\/vc_column][\/vc_row][vc_row][vc_column][vc_text_separator title=&#8221;Folge dem GoSpecial auf Facebook&#8221;][\/vc_column][\/vc_row][vc_row][vc_column][vc_message css_animation=&#8221;right-to-left&#8221;]<\/p>\n<h1 style=\"text-align: center;\"><a href=\"https:\/\/havenkirche.de\/gospecial\/\">Hier geht&#8217;s zum GoSpecial Wilhelmshaven\u00a0auf HAVENKIRCHE.de\u00a0<\/a><\/h1>\n<p>[\/vc_message][\/vc_column][\/vc_row][vc_row][vc_column][vc_text_separator title=&#8221;Neues vom GoSpecial&#8221;][\/vc_column][\/vc_row][vc_row][vc_column]<!-- Owl Carousel -->\n\t\t\t\t\t\t<div class=\"owl-carousel-container block_other stories right-to-left\">\n\t\t\t\t\t\t\t\n\t\t\t\t\t\t\t<div class=\"owl-header\">\n\t\t\t\t\t\t\t\t\n\t\t\t\t\t\t\t\t<h3 class=\"no-margin-top animate-onscroll\">Neues vom GoSpecial<\/h3><div class=\"carousel-arrows animate-onscroll\">\n\t\t\t\t\t\t\t\t\t<span class=\"left-arrow\"><i class=\"icons icon-left-dir\"><\/i><\/span>\n\t\t\t\t\t\t\t\t\t<span class=\"right-arrow\"><i class=\"icons icon-right-dir\"><\/i><\/span>\n\t\t\t\t\t\t\t\t<\/div><\/div>\n\t<div class=\"owl-carousel owl-carousel11 \" data-max-items=\"3\"><!-- Owl Item -->\n\t\t\t\t<div>\n\t\t\t\t\t\n\t\t\t\t\t<!-- Blog Post -->\n\t\t\t\t\t<div class=\"blog-post animate-onscroll\"><div class=\"post-image\"><a href=\"https:\/\/christusnews.de\/site\/gospecial-der-andere-gottesdienst-4\/\">\n\t\t\t\t\t\t\t<img loading=\"lazy\" decoding=\"async\" width=\"263\" height=\"177\" src=\"https:\/\/christusnews.de\/site\/wp-content\/uploads\/gospecial_202311-263x177.jpg\" class=\"attachment-latest-post size-latest-post wp-post-image\" alt=\"\" srcset=\"https:\/\/christusnews.de\/site\/wp-content\/uploads\/gospecial_202311-263x177.jpg 263w, https:\/\/christusnews.de\/site\/wp-content\/uploads\/gospecial_202311-500x335.jpg 500w, https:\/\/christusnews.de\/site\/wp-content\/uploads\/gospecial_202311-150x100.jpg 150w\" sizes=\"auto, (max-width: 263px) 100vw, 263px\" \/>\n\t\t\t\t\t\t<\/a><\/div><h4 class=\"post-title\"><a href=\"https:\/\/christusnews.de\/site\/gospecial-der-andere-gottesdienst-4\/\">\u00a0GoSpecial \u2013 der andere Gottesdienst\u00a0<\/a><\/h4><div class=\"post-meta\">\n\t\t\t\t\t\t\t<span>by <a href=\"https:\/\/christusnews.de\/site\/author\/marcel-kuchler\/\">Marcel Kuchler<\/a><\/span>\n\t\t\t\t\t\t\t<span>Oktober 16, 2023 5:33 p.m.<\/span>\n\t\t\t\t\t\t<\/div><p class=\"post-description\" >&#8220;Windst\u00e4rke 12 &#8211; vom Umgang mit pers\u00f6nlichen Krisen\u201c&nbsp;am 12.11.2023 Der verzweifelte Kampf ...<\/p>\n\t\t\t\t\t\t\n\t\t\t\t\t\t<a href=\"https:\/\/christusnews.de\/site\/gospecial-der-andere-gottesdienst-4\/\" class=\"button read-more-button big button-arrow\">[Mehr...]<\/a><\/div>\n\t\t\t\t\t<!-- \/Blog Post -->\n\t\t\t\t\t\n\t\t\t\t<\/div>\n\t\t\t\t<!-- \/Owl Item --><!-- Owl Item -->\n\t\t\t\t<div>\n\t\t\t\t\t\n\t\t\t\t\t<!-- Blog Post -->\n\t\t\t\t\t<div class=\"blog-post animate-onscroll\"><div class=\"post-image\"><a href=\"https:\/\/christusnews.de\/site\/gospecial-der-andere-gottesdienst-3\/\">\n\t\t\t\t\t\t\t<img loading=\"lazy\" decoding=\"async\" width=\"263\" height=\"177\" src=\"https:\/\/christusnews.de\/site\/wp-content\/uploads\/gospecial_202303_plakat-263x177.jpg\" class=\"attachment-latest-post size-latest-post wp-post-image\" alt=\"\" srcset=\"https:\/\/christusnews.de\/site\/wp-content\/uploads\/gospecial_202303_plakat-263x177.jpg 263w, https:\/\/christusnews.de\/site\/wp-content\/uploads\/gospecial_202303_plakat-1000x670.jpg 1000w, https:\/\/christusnews.de\/site\/wp-content\/uploads\/gospecial_202303_plakat-500x335.jpg 500w, https:\/\/christusnews.de\/site\/wp-content\/uploads\/gospecial_202303_plakat-150x100.jpg 150w\" sizes=\"auto, (max-width: 263px) 100vw, 263px\" \/>\n\t\t\t\t\t\t<\/a><\/div><h4 class=\"post-title\"><a href=\"https:\/\/christusnews.de\/site\/gospecial-der-andere-gottesdienst-3\/\">GoSpecial &#8211; der andere Gottesdienst<\/a><\/h4><div class=\"post-meta\">\n\t\t\t\t\t\t\t<span>by <a href=\"https:\/\/christusnews.de\/site\/author\/marcel-kuchler\/\">Marcel Kuchler<\/a><\/span>\n\t\t\t\t\t\t\t<span>Januar 23, 2023 9:01 p.m.<\/span>\n\t\t\t\t\t\t<\/div><p class=\"post-description\" >\u201eSo viel du brauchst \u2026\u201c \u2013 am 26.02.2023 um 18:00 Uhr im ...<\/p>\n\t\t\t\t\t\t\n\t\t\t\t\t\t<a href=\"https:\/\/christusnews.de\/site\/gospecial-der-andere-gottesdienst-3\/\" class=\"button read-more-button big button-arrow\">[Mehr...]<\/a><\/div>\n\t\t\t\t\t<!-- \/Blog Post -->\n\t\t\t\t\t\n\t\t\t\t<\/div>\n\t\t\t\t<!-- \/Owl Item --><!-- Owl Item -->\n\t\t\t\t<div>\n\t\t\t\t\t\n\t\t\t\t\t<!-- Blog Post -->\n\t\t\t\t\t<div class=\"blog-post animate-onscroll\"><div class=\"post-image\"><a href=\"https:\/\/christusnews.de\/site\/gospecial-der-andere-gottesdienst-2\/\">\n\t\t\t\t\t\t\t<img loading=\"lazy\" decoding=\"async\" width=\"263\" height=\"177\" src=\"https:\/\/christusnews.de\/site\/wp-content\/uploads\/20221026-gospecial-263x177.jpg\" class=\"attachment-latest-post size-latest-post wp-post-image\" alt=\"\" srcset=\"https:\/\/christusnews.de\/site\/wp-content\/uploads\/20221026-gospecial-263x177.jpg 263w, https:\/\/christusnews.de\/site\/wp-content\/uploads\/20221026-gospecial-500x335.jpg 500w, https:\/\/christusnews.de\/site\/wp-content\/uploads\/20221026-gospecial-150x100.jpg 150w\" sizes=\"auto, (max-width: 263px) 100vw, 263px\" \/>\n\t\t\t\t\t\t<\/a><\/div><h4 class=\"post-title\"><a href=\"https:\/\/christusnews.de\/site\/gospecial-der-andere-gottesdienst-2\/\">GoSpecial \u2013\u00a0Der andere Gottesdienst.<\/a><\/h4><div class=\"post-meta\">\n\t\t\t\t\t\t\t<span>by <a href=\"https:\/\/christusnews.de\/site\/author\/marcel-kuchler\/\">Marcel Kuchler<\/a><\/span>\n\t\t\t\t\t\t\t<span>Oktober 26, 2022 9:58 a.m.<\/span>\n\t\t\t\t\t\t<\/div><p class=\"post-description\" >GoSpecial &#8211; \u201eWageMUT!\u201c &#8211; am 6.11.2022 um 18:00 Uhr im Pumpwerk WHV ...<\/p>\n\t\t\t\t\t\t\n\t\t\t\t\t\t<a href=\"https:\/\/christusnews.de\/site\/gospecial-der-andere-gottesdienst-2\/\" class=\"button read-more-button big button-arrow\">[Mehr...]<\/a><\/div>\n\t\t\t\t\t<!-- \/Blog Post -->\n\t\t\t\t\t\n\t\t\t\t<\/div>\n\t\t\t\t<!-- \/Owl Item --><!-- Owl Item -->\n\t\t\t\t<div>\n\t\t\t\t\t\n\t\t\t\t\t<!-- Blog Post -->\n\t\t\t\t\t<div class=\"blog-post animate-onscroll\"><div class=\"post-image\"><a href=\"https:\/\/christusnews.de\/site\/gospecial-der-andere-gottesdienst\/\">\n\t\t\t\t\t\t\t<img loading=\"lazy\" decoding=\"async\" width=\"263\" height=\"177\" src=\"https:\/\/christusnews.de\/site\/wp-content\/uploads\/gospecial_062022_19201080-263x177.jpg\" class=\"attachment-latest-post size-latest-post wp-post-image\" alt=\"\" srcset=\"https:\/\/christusnews.de\/site\/wp-content\/uploads\/gospecial_062022_19201080-263x177.jpg 263w, https:\/\/christusnews.de\/site\/wp-content\/uploads\/gospecial_062022_19201080-500x335.jpg 500w, https:\/\/christusnews.de\/site\/wp-content\/uploads\/gospecial_062022_19201080-150x100.jpg 150w\" sizes=\"auto, (max-width: 263px) 100vw, 263px\" \/>\n\t\t\t\t\t\t<\/a><\/div><h4 class=\"post-title\"><a href=\"https:\/\/christusnews.de\/site\/gospecial-der-andere-gottesdienst\/\">GoSpecial \u2013 der andere Gottesdienst<\/a><\/h4><div class=\"post-meta\">\n\t\t\t\t\t\t\t<span>by <a href=\"https:\/\/christusnews.de\/site\/author\/marcel-kuchler\/\">Marcel Kuchler<\/a><\/span>\n\t\t\t\t\t\t\t<span>Mai 17, 2022 10:13 a.m.<\/span>\n\t\t\t\t\t\t<\/div><p class=\"post-description\" >GoSpecial \u2013 der andere Gottesdienst &#8211; \u201eOh Gott \u2013 wie peinlich!\u201c Wer ...<\/p>\n\t\t\t\t\t\t\n\t\t\t\t\t\t<a href=\"https:\/\/christusnews.de\/site\/gospecial-der-andere-gottesdienst\/\" class=\"button read-more-button big button-arrow\">[Mehr...]<\/a><\/div>\n\t\t\t\t\t<!-- \/Blog Post -->\n\t\t\t\t\t\n\t\t\t\t<\/div>\n\t\t\t\t<!-- \/Owl Item --><\/div><\/div>[\/vc_column][\/vc_row]<\/p>\n<\/div>","protected":false},"excerpt":{"rendered":"<p>[vc_row][vc_column][\/vc_column][\/vc_row][vc_row][vc_column][vc_column_text] Was ist GoSpecial? \u201eGoSpecial\u201c oder \u201eGottesdienst Spezial\u201c, ist ein Gottesdienst f\u00fcr diejenigen, die selten bis gar nicht in die Kirche gehen. Herzlich Willkommen sind auch die Menschen, die zwar ganz gerne in die Kirche gehen, aber zuweilen sich den Gottesdienst auch mal etwas anders w\u00fcnschen. In einem \u201eGoSpecial\u201c erwartet Sie ein interessantes Thema, verpackt in Theaterst\u00fccke, ungewohnte Musik und eine Predigt, die es in sich hat: Anschlie\u00dfend k\u00f6nnen Sie dem Prediger Fragen in der Art eines Kreuzverh\u00f6rs stellen. Und noch etwas ist anders: Sie d\u00fcrfen in diesem Gottesdienst von ganzem Herzen lachen, klatschen, mitsingen oder einfach nur zuh\u00f6ren. Jede&#8230;<\/p>\n","protected":false},"author":1,"featured_media":0,"parent":208,"menu_order":3,"comment_status":"closed","ping_status":"closed","template":"","meta":{"footnotes":""},"class_list":["post-1286","page","type-page","status-publish","hentry"],"_links":{"self":[{"href":"https:\/\/christusnews.de\/site\/wp-json\/wp\/v2\/pages\/1286","targetHints":{"allow":["GET"]}}],"collection":[{"href":"https:\/\/christusnews.de\/site\/wp-json\/wp\/v2\/pages"}],"about":[{"href":"https:\/\/christusnews.de\/site\/wp-json\/wp\/v2\/types\/page"}],"author":[{"embeddable":true,"href":"https:\/\/christusnews.de\/site\/wp-json\/wp\/v2\/users\/1"}],"replies":[{"embeddable":true,"href":"https:\/\/christusnews.de\/site\/wp-json\/wp\/v2\/comments?post=1286"}],"version-history":[{"count":11,"href":"https:\/\/christusnews.de\/site\/wp-json\/wp\/v2\/pages\/1286\/revisions"}],"predecessor-version":[{"id":22495,"href":"https:\/\/christusnews.de\/site\/wp-json\/wp\/v2\/pages\/1286\/revisions\/22495"}],"up":[{"embeddable":true,"href":"https:\/\/christusnews.de\/site\/wp-json\/wp\/v2\/pages\/208"}],"wp:attachment":[{"href":"https:\/\/christusnews.de\/site\/wp-json\/wp\/v2\/media?parent=1286"}],"curies":[{"name":"wp","href":"https:\/\/api.w.org\/{rel}","templated":true}]}}