{"id":3830,"date":"2016-03-16T10:44:01","date_gmt":"2016-03-16T09:44:01","guid":{"rendered":"http:\/\/christusnews.de\/site\/?page_id=3830"},"modified":"2017-01-17T21:35:28","modified_gmt":"2017-01-17T20:35:28","slug":"uebertritt-in-die-ev-kirche","status":"publish","type":"page","link":"https:\/\/christusnews.de\/site\/kirche\/uebertritt-in-die-ev-kirche\/","title":{"rendered":"\u00dcbertritt in die evangelische Kirche"},"content":{"rendered":"<div class=\"wpb-content-wrapper\"><p>[vc_row][vc_column el_class=&#8221;Sie geh\u00f6rten bislang einer anderen christlichen Konfession an und m\u00f6chten nun in die evangelische Kirche eintreten. Vielleicht gibt es Erfahrungen und Entwicklungen in Ihrem (Glaubens-) Leben, die nach reiflicher \u00dcberlegung einen Konfessionswechsel sinnvoll erscheinen lassen. Vor einem Eintritt in die evangelische Kirche steht zun\u00e4chst der Austritt aus der Kirche oder Gemeinschaft, der Sie bisher angeh\u00f6ren; Gr\u00fcnde m\u00fcssen Sie dabei nicht angeben. Nach Ihrem Austritt bitten wir Sie um eine erste Kontaktaufnahme mit unserer Kirche. Im Gespr\u00e4ch m\u00f6chten wir mit Ihnen die Aufnahme in die evangelische Kirche vorbereiten. Wenden Sie sich einfach an eine Pfarrerin oder einen Pfarrer. Wenn Sie in Ihrer bisherigen Kirche oder Gemeinschaft getauft wurden, ist diese Taufe g\u00fcltig: Sie wird bei einem Eintritt in die evangelische Kirche nicht wiederholt. Sind Sie noch nicht getauft, geschieht die Aufnahme in die evangelische Kirche durch die Taufe, die wir gern mit Ihnen vorbereiten. \u00dcber den Konfessionswechsel eines getauften Kindes bis zum 14. Lebensjahr entscheiden nach der deutschen Rechtsprechung die Eltern oder Erziehungsberechtigten. Allerdings kann der Wechsel nicht gegen den Willen des Kindes geschehen, wenn es das 12. Lebensjahr erreicht hat.&#8221;][vc_column_text]<\/p>\n<h4 class=\"western\">Sie geh\u00f6rten bislang einer anderen christlichen Konfession an und m\u00f6chten nun in die evangelische Kirche eintreten.<\/h4>\n<p>Vielleicht gibt es Erfahrungen und Entwicklungen in Ihrem (Glaubens-) Leben, die nach reiflicher \u00dcberlegung einen Konfessionswechsel sinnvoll erscheinen lassen.<\/p>\n<p>Vor einem Eintritt in die evangelische Kirche steht zun\u00e4chst der Austritt aus der Kirche oder Gemeinschaft, der Sie bisher angeh\u00f6ren; Gr\u00fcnde m\u00fcssen Sie dabei nicht angeben.<\/p>\n<p>Nach Ihrem Austritt bitten wir Sie um eine erste Kontaktaufnahme mit unserer Kirche. Im Gespr\u00e4ch m\u00f6chten wir mit Ihnen die Aufnahme in die evangelische Kirche vorbereiten. Wenden Sie sich einfach an eine Pfarrerin oder einen Pfarrer.<\/p>\n<p>Wenn Sie in Ihrer bisherigen Kirche oder Gemeinschaft getauft wurden, ist diese Taufe g\u00fcltig: Sie wird bei einem Eintritt in die evangelische Kirche nicht wiederholt. Sind Sie noch nicht getauft, geschieht die Aufnahme in die evangelische Kirche durch die Taufe, die wir gern mit Ihnen vorbereiten.<\/p>\n<p>\u00dcber den Konfessionswechsel eines getauften Kindes bis zum 14. Lebensjahr entscheiden nach der deutschen Rechtsprechung die Eltern oder Erziehungsberechtigten. Allerdings kann der Wechsel nicht gegen den Willen des Kindes geschehen, wenn es das 12. Lebensjahr erreicht hat.<\/p>\n<p>[\/vc_column_text][\/vc_column][\/vc_row]<\/p>\n<\/div>","protected":false},"excerpt":{"rendered":"<p>[vc_row][vc_column el_class=&#8221;Sie geh\u00f6rten bislang einer anderen christlichen Konfession an und m\u00f6chten nun in die evangelische Kirche eintreten. Vielleicht gibt es Erfahrungen und Entwicklungen in Ihrem (Glaubens-) Leben, die nach reiflicher \u00dcberlegung einen Konfessionswechsel sinnvoll erscheinen lassen. Vor einem Eintritt in die evangelische Kirche steht zun\u00e4chst der Austritt aus der Kirche oder Gemeinschaft, der Sie bisher angeh\u00f6ren; Gr\u00fcnde m\u00fcssen Sie dabei nicht angeben. Nach Ihrem Austritt bitten wir Sie um eine erste Kontaktaufnahme mit unserer Kirche. Im Gespr\u00e4ch m\u00f6chten wir mit Ihnen die Aufnahme in die evangelische Kirche vorbereiten. Wenden Sie sich einfach an eine Pfarrerin oder einen Pfarrer. Wenn Sie&#8230;<\/p>\n","protected":false},"author":6,"featured_media":0,"parent":833,"menu_order":7,"comment_status":"closed","ping_status":"closed","template":"","meta":{"footnotes":""},"class_list":["post-3830","page","type-page","status-publish","hentry"],"_links":{"self":[{"href":"https:\/\/christusnews.de\/site\/wp-json\/wp\/v2\/pages\/3830","targetHints":{"allow":["GET"]}}],"collection":[{"href":"https:\/\/christusnews.de\/site\/wp-json\/wp\/v2\/pages"}],"about":[{"href":"https:\/\/christusnews.de\/site\/wp-json\/wp\/v2\/types\/page"}],"author":[{"embeddable":true,"href":"https:\/\/christusnews.de\/site\/wp-json\/wp\/v2\/users\/6"}],"replies":[{"embeddable":true,"href":"https:\/\/christusnews.de\/site\/wp-json\/wp\/v2\/comments?post=3830"}],"version-history":[{"count":7,"href":"https:\/\/christusnews.de\/site\/wp-json\/wp\/v2\/pages\/3830\/revisions"}],"predecessor-version":[{"id":5759,"href":"https:\/\/christusnews.de\/site\/wp-json\/wp\/v2\/pages\/3830\/revisions\/5759"}],"up":[{"embeddable":true,"href":"https:\/\/christusnews.de\/site\/wp-json\/wp\/v2\/pages\/833"}],"wp:attachment":[{"href":"https:\/\/christusnews.de\/site\/wp-json\/wp\/v2\/media?parent=3830"}],"curies":[{"name":"wp","href":"https:\/\/api.w.org\/{rel}","templated":true}]}}