{"id":835,"date":"2015-03-17T08:50:50","date_gmt":"2015-03-17T07:50:50","guid":{"rendered":"http:\/\/christusnews.de\/site\/?page_id=835"},"modified":"2024-03-01T11:31:27","modified_gmt":"2024-03-01T10:31:27","slug":"taufe","status":"publish","type":"page","link":"https:\/\/christusnews.de\/site\/kirche\/taufe\/","title":{"rendered":"Taufe"},"content":{"rendered":"<div class=\"wpb-content-wrapper\"><p>[vc_row][vc_column][vc_column_text]<\/p>\n<h3>Fragen zur Taufe<\/h3>\n<p>[\/vc_column_text][\/vc_column][\/vc_row][vc_row][vc_column][vc_accordion][vc_accordion_tab title=&#8221;In welchem Alter sollte ein Kind getauft werden?&#8221;][vc_column_text]Meistens werden die Kinder im ersten Lebensjahr getauft. Aber auch eine sp\u00e4tere Taufe ist m\u00f6glich, wenn das Kind schon bewusst wahrnimmt was geschieht. [\/vc_column_text][\/vc_accordion_tab][vc_accordion_tab title=&#8221;Was spricht f\u00fcr eine Kindertaufe?&#8221;][vc_column_text]Die Geburt eines Kindes ist ein Geschenk Gottes. Eltern antworten darauf, indem sie ihr Kind taufen lassen. Gott spricht in der Taufe den kleinen Kindern seine Liebe zu, unabh\u00e4ngig davon, wie sie sich verhalten. Eltern und Paten haben dann die Aufgabe, stellvertretend f\u00fcr die Kinder den Glauben zu bezeugen und den Kindern von ihrem christlichen Glauben, aber auch von ihren Zweifeln zu erz\u00e4hlen. Sp\u00e4ter in der Konfirmation bekr\u00e4ftigen die Jugendlichen selbst ihr Ja zum Glauben an Jesus Christus.[\/vc_column_text][\/vc_accordion_tab][vc_accordion_tab title=&#8221;Was ist eine Nottaufe?&#8221;][vc_column_text]Wenn ein Ungetaufter sehr krank ist und zu sterben droht wird eine Nottaufe vorgenommen. Diese Taufe kann jeder Christ und jede Christin ausf\u00fchren.[\/vc_column_text][\/vc_accordion_tab][vc_accordion_tab title=&#8221;Was f\u00fcr Unterlagen brauchen wir f\u00fcr die Taufe unseres Kindes?&#8221;][vc_column_text]Bitte wenden Sie sich an Ihr Gemeindeb\u00fcro, um einen Termin f\u00fcr das Taufvorgespr\u00e4ch und die Taufe selbst zu vereinbaren. Dort erfahren Sie alles Notwendige. In der Regel ben\u00f6tigen die Paten eine Patenbescheinigung des Pfarramts am Wohnort der Paten \u00fcber die Berechtigung zum Patenamt. Wenn Sie als Eltern ein Familienstammbuch haben, bringen Sie es bitte zum Taufgespr\u00e4ch mit. Auf jeden Fall bringen Sie bitte die Geburtsurkunde des Kindes und Ihre Personalausweise mit.[\/vc_column_text][\/vc_accordion_tab][vc_accordion_tab title=&#8221;Muss mein Kind konfirmiert werden oder reicht die Taufe?&#8221;][vc_column_text]Zur Kirchenmitgliedschaft reicht zwar die Taufe. Aber zusammen mit vielen Freunden in der Konfirmationsgruppe den christlichen Glauben verstehen zu lernen, ist bereichernd und wundersch\u00f6n. Wer dann das Patenamt \u00fcbernehmen will muss aber in der Regel konfirmiert sein.[\/vc_column_text][\/vc_accordion_tab][vc_accordion_tab title=&#8221;Kann mein Kind zum Konfirmandenunterricht gehen ohne getauft zu sein?&#8221;][vc_column_text]Ihr Kind kann am Konfirmandenunterricht teilnehmen. Die Konfirmation ist die Best\u00e4tigung der Taufe. Wenn das Kind nicht getauft ist, so wird das Kind in der Regel am Ende des Konfirmandenunterrichts getauft; eine Best\u00e4tigung der Taufe, also die Konfirmation, ist dann nicht mehr notwendig, da das Kind ja schon selber Ja zu der Taufe gesagt hat. In der Praxis wird das Kind dennoch oft vor der Konfirmation getauft.[\/vc_column_text][\/vc_accordion_tab][vc_accordion_tab title=&#8221;Kann man sein Kind taufen lassen, wenn beide Eltern nicht in der Kirche sind?&#8221;][vc_column_text]Die Entscheidung, ob eine Taufe trotz fehlender Mitgliedschaft beider Elternteile m\u00f6glich ist, wird vor Ort in der zust\u00e4ndigen Kirchengemeinde getroffen. Die Regelungen sind dar\u00fcber hinaus von Landeskirche zu Landeskirche unterschiedlich.[\/vc_column_text][\/vc_accordion_tab][vc_accordion_tab title=&#8221;Kann ich mein Kind gegen den Willen des anderen Elternteils taufen lassen?&#8221;][vc_column_text]Gegen den Willen entweder des Vaters oder der Mutter ist die Taufe des Kindes nur m\u00f6glich, wenn dieser Elternteil nicht das Sorgerecht inne hat. Ist die Ehe z.B. geschieden, liegt das Sorgerecht aber gemeinsam bei Vater und Mutter, setzt die Ausgestaltung der gemeinsamen elterlichen Sorge Einvernehmen voraus in Angelegenheiten, die f\u00fcr das Kind von erheblicher Bedeutung sind. Dazu geh\u00f6rt auch die Taufe. K\u00f6nnen sich die Eltern nicht einigen, kann (schlimmstenfalls) das Familiengericht angerufen werden.<\/p>\n<p>Eltern k\u00f6nnen sich aber zuvor auch allein oder besser noch gemeinsam an eine Erziehungs- und Familienberatungstelle wenden. Oft hilft auch ein kl\u00e4rendes Gespr\u00e4ch mit dem Pfarrer oder der Pfarrerin.[\/vc_column_text][\/vc_accordion_tab][vc_accordion_tab title=&#8221;Was bedeutet die Taufe?&#8221;][vc_column_text]Die Taufe ist in erster Linie die Zusage der Liebe und des Segens Gottes. Mit dem Akt der Taufe wird der T\u00e4ufling in die Gemeinschaft der Christinnen und Christen aufgenommen.[\/vc_column_text][\/vc_accordion_tab][vc_accordion_tab title=&#8221;Muss ich mich erneut taufen lassen wenn ich die Konfession wechsle oder wieder eintrete?&#8221;][vc_column_text]Die Taufe ist im Verst\u00e4ndnis aller christlichen Kirchen etwas Einmaliges und kann daher nicht wiederholt werden. Bei einem Wiedereintritt in die ev. Kirche oder bei einem \u00dcbertritt in die r\u00f6m.-kath. Kirche wird nicht noch einmal getauft. Bei einem \u00dcbertritt in eine orthodoxe Kirche wird allerdings die Salbung nachgeholt. Beim \u00dcbertritt zu einer sog. orientalisch orthodoxen Kirche (Syrisch-Orthodox, Armenisch-Apostolisch, Koptisch-Orthodox, \u00c4thiopisch-Orthodox) gibt es unterschiedliche Praktiken.[\/vc_column_text][\/vc_accordion_tab][vc_accordion_tab title=&#8221;Wer sorgt f\u00fcr den Schmuck der Kirche?&#8221;][vc_column_text]Oft sind die Kirchen mit Blumen geschm\u00fcckt. Wenn Sie besonderen Schmuck w\u00fcnschen, sprechen Sie mit dem zust\u00e4ndigen Pfarrer oder der Pfarrerin. In den meisten F\u00e4llen ist dies m\u00f6glich.[\/vc_column_text][\/vc_accordion_tab][vc_accordion_tab title=&#8221;D\u00fcrfen wir w\u00e4hrend des Gottesdienstes fotografieren oder filmen?&#8221;][vc_column_text]Das wird in jeder Gemeinde unterschiedlich gehandhabt. Wenn es erlaubt ist, wird allerdings darum gebeten, dass eine Person das Filmen oder Fotografieren \u00fcbernimmt, um unn\u00f6tige Unruhe zu vermeiden. Wenn das Fotografieren w\u00e4hrend des Gottesdienstes nicht erlaubt ist, besteht meist die M\u00f6glichkeit, nach dem Gottesdienst noch Bilder zu machen.[\/vc_column_text][\/vc_accordion_tab][vc_accordion_tab title=&#8221;Wie soll der T\u00e4ufling w\u00e4hrend der Taufe gekleidet sein?&#8221;][vc_column_text]So bequem und dabei so festlich wie m\u00f6glich. In vielen Familien gibt es Taufkleider, die von Generation zu Generation weitergegeben werden. Das ist eine sch\u00f6ne Tradition.[\/vc_column_text][\/vc_accordion_tab][vc_accordion_tab title=&#8221;K\u00f6nnen wir selbst bestimmen, wof\u00fcr im Taufgottesdienst gesammelt wird (Kollekte)?&#8221;][vc_column_text]In vielen Gemeinden ist es m\u00f6glich, dass Sie den Zweck der Kollekte selbst bestimmen, z.B. f\u00fcr die Arbeit mit Kindern in der Gemeinde oder Organisationen, die Kindern helfen. Fragen Sie im Pfarramt nach.[\/vc_column_text][\/vc_accordion_tab][vc_accordion_tab title=&#8221;Was kostet die Taufe?&#8221;][vc_column_text]Grunds\u00e4tzlich ist die Taufe f\u00fcr die Kinder von Kirchenmitgliedern kostenlos. Nur wenn Sie besonderen Blumenschmuck oder ausgefallene musikalische Einlagen w\u00fcnschen entstehen Ihnen Kosten.[\/vc_column_text][\/vc_accordion_tab][vc_accordion_tab title=&#8221;Wer kann Pate oder Patin werden?&#8221;][vc_column_text]Alle getauften Christinnen und Christen, deren Kirchen der Arbeitsgemeinschaft Christlicher Kirchen (ACK) angeh\u00f6ren. In einigen Landeskirchen muss ein Pate evangelisch sein. Evangelische Christen m\u00fcssen konfirmiert oder mindestens 14 Jahre alt sein. Wer allerdings aus der Kirche ausgetreten ist, hat damit das Recht aufgegeben, Taufpate sein zu k\u00f6nnen.[\/vc_column_text][\/vc_accordion_tab][vc_accordion_tab title=&#8221;Kann ich jemanden vom Patenamt entbinden?&#8221;][vc_column_text]Im Gegensatz zur m\u00f6glichen Entbindung vom Patenamt auf eigenen Wunsch ist eine Streichung gegen den Willen des Paten &#8211; in den meisten Landeskirchen &#8211; nicht m\u00f6glich. Fragen Sie in Ihrem Pfarramt nach! Suchen Sie das Gespr\u00e4ch mit dem Paten, um den Konflikt gemeinsam zu kl\u00e4ren. Sie k\u00f6nnen den Pastor oder die Pastorin zu einem kl\u00e4renden Gespr\u00e4ch dazu hinzuziehen.[\/vc_column_text][\/vc_accordion_tab][vc_accordion_tab title=&#8221;Kann ich mein Kind in einen kirchlichen Kindergarten schicken, wenn es nicht getauft ist?&#8221;][vc_column_text]Konfessionell gebundene Kinderg\u00e4rten nehmen oftmals auch ungetaufte Kinder auf. Sie als Eltern m\u00fcssen aber damit einverstanden sein, dass Ihr Kind christliche Glaubensinhalte kennen lernt. Fragen Sie an Ihrem Ort nach den M\u00f6glichkeiten.[\/vc_column_text][\/vc_accordion_tab][vc_accordion_tab title=&#8221;Wann endet das Patenamt?&#8221;][vc_column_text]In der evangelischen Kirche formal nach der Konfirmation. In der katholischen Kirche endet die Patenschaft nicht.[\/vc_column_text][\/vc_accordion_tab][vc_accordion_tab title=&#8221;Gibt es eine \u00f6kumenische Taufe?&#8221;][vc_column_text]Nein. Da die Taufe zugleich die Aufnahme in eine konkrete Gemeinschaft ist erfolgt sie immer innerhalb einer Konfession.[\/vc_column_text][\/vc_accordion_tab][vc_accordion_tab title=&#8221;Wir m\u00f6chten unser Kind taufen lassen. K\u00f6nnen wir gleichzeitig kirchlich heiraten?&#8221;][vc_column_text]Das k\u00f6nnen Sie. Von vielen Pfarrerinnen und Pfarrern wird ein solcher Gottesdienst &#8220;Traufe&#8221; (Taufe und Trauung in einem Gottesdienst) genannt. Es haben sich inzwischen eigene Formen entwickelt. Sprechen Sie mit Ihrer Pfarrerin oder Ihrem Pfarrer![\/vc_column_text][\/vc_accordion_tab][vc_accordion_tab title=&#8221;Ist eine Segnung statt einer Taufe m\u00f6glich?&#8221;][vc_column_text]Manchmal wollen Eltern den Kindern die freie Entscheidung zur Taufe selbst \u00fcberlassen. Das kleine Kind wird dann in einer gottesdienstlichen Handlung gesegnet. Bitte bedenken Sie dabei: Trotzdem ersetzt die Segnung nicht das Sakrament der Taufe und begr\u00fcndet nicht die Kirchenmitgliedschaft.[\/vc_column_text][\/vc_accordion_tab][vc_accordion_tab title=&#8221;Was ist ein Sakrament?&#8221;][vc_column_text]In der evangelischen Kirche gibt es zwei Sakramente: Taufe und Abendmahl. Beide wurden von Jesus selbst eingesetzt. In einer menschlichen Handlung wird die g\u00f6ttliche Dimension unseres Lebens sichtbar. Allt\u00e4gliches Wasser wird durch die Verhei\u00dfung Gottes in der Taufhandlung zu einem g\u00f6ttlichen Segen.[\/vc_column_text][\/vc_accordion_tab][\/vc_accordion][\/vc_column][\/vc_row]<\/p>\n<\/div>","protected":false},"excerpt":{"rendered":"<p>[vc_row][vc_column][vc_column_text] Fragen zur Taufe [\/vc_column_text][\/vc_column][\/vc_row][vc_row][vc_column][vc_accordion][vc_accordion_tab title=&#8221;In welchem Alter sollte ein Kind getauft werden?&#8221;][vc_column_text]Meistens werden die Kinder im ersten Lebensjahr getauft. Aber auch eine sp\u00e4tere Taufe ist m\u00f6glich, wenn das Kind schon bewusst wahrnimmt was geschieht. [\/vc_column_text][\/vc_accordion_tab][vc_accordion_tab title=&#8221;Was spricht f\u00fcr eine Kindertaufe?&#8221;][vc_column_text]Die Geburt eines Kindes ist ein Geschenk Gottes. Eltern antworten darauf, indem sie ihr Kind taufen lassen. Gott spricht in der Taufe den kleinen Kindern seine Liebe zu, unabh\u00e4ngig davon, wie sie sich verhalten. Eltern und Paten haben dann die Aufgabe, stellvertretend f\u00fcr die Kinder den Glauben zu bezeugen und den Kindern von ihrem christlichen Glauben, aber auch von ihren&#8230;<\/p>\n","protected":false},"author":1,"featured_media":0,"parent":833,"menu_order":2,"comment_status":"closed","ping_status":"closed","template":"","meta":{"footnotes":""},"class_list":["post-835","page","type-page","status-publish","hentry"],"_links":{"self":[{"href":"https:\/\/christusnews.de\/site\/wp-json\/wp\/v2\/pages\/835","targetHints":{"allow":["GET"]}}],"collection":[{"href":"https:\/\/christusnews.de\/site\/wp-json\/wp\/v2\/pages"}],"about":[{"href":"https:\/\/christusnews.de\/site\/wp-json\/wp\/v2\/types\/page"}],"author":[{"embeddable":true,"href":"https:\/\/christusnews.de\/site\/wp-json\/wp\/v2\/users\/1"}],"replies":[{"embeddable":true,"href":"https:\/\/christusnews.de\/site\/wp-json\/wp\/v2\/comments?post=835"}],"version-history":[{"count":7,"href":"https:\/\/christusnews.de\/site\/wp-json\/wp\/v2\/pages\/835\/revisions"}],"predecessor-version":[{"id":26626,"href":"https:\/\/christusnews.de\/site\/wp-json\/wp\/v2\/pages\/835\/revisions\/26626"}],"up":[{"embeddable":true,"href":"https:\/\/christusnews.de\/site\/wp-json\/wp\/v2\/pages\/833"}],"wp:attachment":[{"href":"https:\/\/christusnews.de\/site\/wp-json\/wp\/v2\/media?parent=835"}],"curies":[{"name":"wp","href":"https:\/\/api.w.org\/{rel}","templated":true}]}}