{"id":837,"date":"2015-03-17T08:51:14","date_gmt":"2015-03-17T07:51:14","guid":{"rendered":"http:\/\/christusnews.de\/site\/?page_id=837"},"modified":"2024-03-01T11:32:16","modified_gmt":"2024-03-01T10:32:16","slug":"konfirmation","status":"publish","type":"page","link":"https:\/\/christusnews.de\/site\/kirche\/konfirmation\/","title":{"rendered":"Konfirmation"},"content":{"rendered":"<div class=\"wpb-content-wrapper\"><p>[vc_row][vc_column][vc_column_text]<\/p>\n<h3>Fragen zur Konfirmation<\/h3>\n<p>[\/vc_column_text][\/vc_column][\/vc_row][vc_row][vc_column][vc_accordion][vc_accordion_tab title=&#8221;Wir sind nicht in der Kirche. Kann unser Kind konfirmiert werden?&#8221;][vc_column_text]Ja, die Konfirmation ist m\u00f6glich.[\/vc_column_text][\/vc_accordion_tab][vc_accordion_tab title=&#8221;Ist der Unterricht in einem anderen Pfarrbezirk m\u00f6glich?&#8221;][vc_column_text]Zun\u00e4chst einmal sollten Sie davon ausgehen, dass Ihr Kind in dem vorgeschriebenen Pfarrbezirk zur Konfirmandenstunde geht. Dies bietet sich an, weil Freundinnen und Klassenkameraden dort sind, und so die Vertrautheit am gr\u00f6\u00dften ist. Wenn Sie aber gute Gr\u00fcnde daf\u00fcr haben, Ihr Kind in einen anderen Pfarrbezirk oder eine andere Gemeinde zu schicken, so fragen Sie bitte den dann zust\u00e4ndigen Pfarrer oder die Pfarrerin![\/vc_column_text][\/vc_accordion_tab][vc_accordion_tab title=&#8221;Muss mein Kind konfirmiert werden oder reicht die Taufe?&#8221;][vc_column_text]Zur Kirchenmitgliedschaft reicht zwar die Taufe. Aber zusammen mit vielen Freunden in der Konfirmationsgruppe den christlichen Glauben verstehen zu lernen, ist bereichernd und wundersch\u00f6n. Wer dann das Patenamt \u00fcbernehmen will muss aber in der Regel konfirmiert sein.[\/vc_column_text][\/vc_accordion_tab][vc_accordion_tab title=&#8221;Mein Kind ist nicht getauft. Kann es konfirmiert werden?&#8221;][vc_column_text]Ihr Kind kann am Konfirmandenunterricht teilnehmen. Die Konfirmation ist die Best\u00e4tigung der Taufe. Wenn das Kind nicht getauft ist, so wird das Kind in der Regel am Ende des Konfirmandenunterrichts getauft; eine Best\u00e4tigung der Taufe, also die Konfirmation, ist dann nicht mehr notwendig, da das Kind ja schon selber Ja zu der Taufe gesagt hat. In der Praxis wird das Kind dennoch oft vor der Konfirmation getauft.[\/vc_column_text][\/vc_accordion_tab][vc_accordion_tab title=&#8221;Welche Rechte erh\u00e4lt man durch die Konfirmation?&#8221;][vc_column_text]Mit der Konfirmation wird u. a. das Recht zugesprochen, in allen evangelischen Gemeinden am Abendmahl teilzunehmen, Pate zu werden, eine Nottaufe vorzunehmen und als Erwachsener an kirchlichen Wahlen teilzunehmen (aktiv ab dem 16. Lebensjahr, z. T. schon ab dem 14., passiv ab dem 18. Lebensjahr) oder in kirchliche Ehren\u00e4mter gew\u00e4hlt zu werden. Wenn jemand als Erwachsener getauft wird, so kommt der Taufunterricht dem Konfirmandenunterricht gleich.[\/vc_column_text][\/vc_accordion_tab][vc_accordion_tab title=&#8221;Was soll mein Kind bei der Konfirmation anziehen?&#8221;][vc_column_text]Die Kleidung sollte den festlichen Charakter des Tages unterstreichen. In Einzelheiten gibt es \u00f6rtlich und traditionell unterschiedliche Vorstellungen. Besprechen sie die Frage am besten mit Ihrem Kind oder bei einem Elternabend mit dem Pastor oder der Pastorin der Gemeinde.[\/vc_column_text][\/vc_accordion_tab][vc_accordion_tab title=&#8221;D\u00fcrfen wir w\u00e4hrend des Gottesdienstes fotografieren oder filmen?&#8221;][vc_column_text]Das wird in jeder Gemeinde unterschiedlich gehandhabt. Wenn es erlaubt ist, wird allerdings darum gebeten, dass eine Person das Filmen oder Fotografieren \u00fcbernimmt, um unn\u00f6tige Unruhe zu vermeiden. Wenn das Fotografieren w\u00e4hrend des Gottesdienstes nicht erlaubt ist, besteht meist die M\u00f6glichkeit, nach dem Gottesdienst noch Bilder zu machen.[\/vc_column_text][\/vc_accordion_tab][vc_accordion_tab title=&#8221;Was soll man zur Konfirmation schenken?&#8221;][vc_column_text]Am weitesten verbreitet ist es Geld zu schenken. Die Jugendlichen k\u00f6nnen sich sp\u00e4ter davon kaufen, was sie m\u00f6chten. Aber auch ein Buch, ein Schmuckst\u00fcck oder eine CD ist m\u00f6glich. Besser noch: Sie lassen sich etwas ganz Pers\u00f6nliches oder Einmaliges einfallen. Auch ist es eine gute Tradition, zur Konfirmation eine Ausgabe der Bibel oder des Evangelischen Gesangbuchs zu schenken.[\/vc_column_text][\/vc_accordion_tab][vc_accordion_tab title=&#8221;Endet das Patenamt mit der Konfirmation?&#8221;][vc_column_text]Offiziell enden die Aufgaben der Paten mit der Konfirmation, weil der oder die Jugendliche dann religionsm\u00fcndig ist. Aber es ist sch\u00f6n, wenn die guten Kontakte zwischen Paten und Patenkind ein Leben lang bestehen bleiben![\/vc_column_text][\/vc_accordion_tab][vc_accordion_tab title=&#8221;Konfirmation als Erwachsener&#8221;][vc_column_text]F\u00fcr die Konfirmation gibt es keine Altersbegrenzung. Voraussetzung ist, dass Sie getauft sind. Zur Vorbereitung auf die Konfirmation, wo Sie im Gottesdienst zusammen mit der versammelten Gemeinde gemeinsam den christlichen Glauben \u00f6ffentlich bekennen, ist eine kirchliche Unterweisung n\u00f6tig. Wie diese im Einzelnen aussieht erfragen Sie bitte bei Ihrer Pastorin bzw. Ihrem Pastor.[\/vc_column_text][\/vc_accordion_tab][\/vc_accordion][vc_column_text]<\/p>\n<p style=\"text-align: center;\">Bei R\u00fcckfragen und einer Anmeldung zur Konfirmation in der Kirchengemeinde Wilhelmshaven bitte im Gemeindeb\u00fcro melden:<\/p>\n<p class=\"bodytext\" style=\"text-align: center;\"><strong>Ev.-luth. Kirchengemeinde Havenkirche<\/strong><\/p>\n<p style=\"text-align: center;\">Heppenser Stra\u00dfe 29<br \/>\nD-26384 Wilhelmshaven<\/p>\n<p style=\"text-align: center;\">Telefon: <a href=\"tel:+494421302279\">04421 \u2013 302279<\/a><br \/>\nE-Mail: <a href=\"mailto:kirchenbuero.whv-havenkirche@kirche-oldenburg.de\">kirchenbuero.whv-havenkirche@kirche-oldenburg.de<\/a><br \/>\nWeb: <a href=\"http:\/\/www.havenkirche.de\" target=\"_blank\" rel=\"noopener noreferrer\">www.havenkirche.de<\/a><\/p>\n<p>[\/vc_column_text][\/vc_column][\/vc_row]<\/p>\n<\/div>","protected":false},"excerpt":{"rendered":"<p>[vc_row][vc_column][vc_column_text] Fragen zur Konfirmation [\/vc_column_text][\/vc_column][\/vc_row][vc_row][vc_column][vc_accordion][vc_accordion_tab title=&#8221;Wir sind nicht in der Kirche. Kann unser Kind konfirmiert werden?&#8221;][vc_column_text]Ja, die Konfirmation ist m\u00f6glich.[\/vc_column_text][\/vc_accordion_tab][vc_accordion_tab title=&#8221;Ist der Unterricht in einem anderen Pfarrbezirk m\u00f6glich?&#8221;][vc_column_text]Zun\u00e4chst einmal sollten Sie davon ausgehen, dass Ihr Kind in dem vorgeschriebenen Pfarrbezirk zur Konfirmandenstunde geht. Dies bietet sich an, weil Freundinnen und Klassenkameraden dort sind, und so die Vertrautheit am gr\u00f6\u00dften ist. Wenn Sie aber gute Gr\u00fcnde daf\u00fcr haben, Ihr Kind in einen anderen Pfarrbezirk oder eine andere Gemeinde zu schicken, so fragen Sie bitte den dann zust\u00e4ndigen Pfarrer oder die Pfarrerin![\/vc_column_text][\/vc_accordion_tab][vc_accordion_tab title=&#8221;Muss mein Kind konfirmiert werden oder reicht die Taufe?&#8221;][vc_column_text]Zur Kirchenmitgliedschaft&#8230;<\/p>\n","protected":false},"author":1,"featured_media":0,"parent":833,"menu_order":3,"comment_status":"closed","ping_status":"closed","template":"","meta":{"footnotes":""},"class_list":["post-837","page","type-page","status-publish","hentry"],"_links":{"self":[{"href":"https:\/\/christusnews.de\/site\/wp-json\/wp\/v2\/pages\/837","targetHints":{"allow":["GET"]}}],"collection":[{"href":"https:\/\/christusnews.de\/site\/wp-json\/wp\/v2\/pages"}],"about":[{"href":"https:\/\/christusnews.de\/site\/wp-json\/wp\/v2\/types\/page"}],"author":[{"embeddable":true,"href":"https:\/\/christusnews.de\/site\/wp-json\/wp\/v2\/users\/1"}],"replies":[{"embeddable":true,"href":"https:\/\/christusnews.de\/site\/wp-json\/wp\/v2\/comments?post=837"}],"version-history":[{"count":15,"href":"https:\/\/christusnews.de\/site\/wp-json\/wp\/v2\/pages\/837\/revisions"}],"predecessor-version":[{"id":26628,"href":"https:\/\/christusnews.de\/site\/wp-json\/wp\/v2\/pages\/837\/revisions\/26628"}],"up":[{"embeddable":true,"href":"https:\/\/christusnews.de\/site\/wp-json\/wp\/v2\/pages\/833"}],"wp:attachment":[{"href":"https:\/\/christusnews.de\/site\/wp-json\/wp\/v2\/media?parent=837"}],"curies":[{"name":"wp","href":"https:\/\/api.w.org\/{rel}","templated":true}]}}