{"id":839,"date":"2015-03-17T08:52:47","date_gmt":"2015-03-17T07:52:47","guid":{"rendered":"http:\/\/christusnews.de\/site\/?page_id=839"},"modified":"2024-03-01T11:31:42","modified_gmt":"2024-03-01T10:31:42","slug":"trauung","status":"publish","type":"page","link":"https:\/\/christusnews.de\/site\/kirche\/trauung\/","title":{"rendered":"Trauung"},"content":{"rendered":"<div class=\"wpb-content-wrapper\"><p>[vc_row][vc_column][vc_column_text]<\/p>\n<h3>Fragen zur Trauung<\/h3>\n<p>[\/vc_column_text][\/vc_column][\/vc_row][vc_row][vc_column][vc_accordion][vc_accordion_tab title=&#8221;D\u00fcrfen wir w\u00e4hrend des Gottesdienstes fotografieren oder filmen?&#8221;][vc_column_text]Das wird in jeder Gemeinde unterschiedlich gehandhabt. Wenn es erlaubt ist, wird allerdings darum gebeten, dass eine Person das Filmen oder Fotografieren \u00fcbernimmt, um unn\u00f6tige Unruhe zu vermeiden. Wenn das Fotografieren w\u00e4hrend des Gottesdienstes nicht erlaubt ist, besteht meist die M\u00f6glichkeit, nach dem Gottesdienst noch Bilder zu machen.[\/vc_column_text][\/vc_accordion_tab][vc_accordion_tab title=&#8221;Ist es m\u00f6glich, die Kirche besonders zu schm\u00fccken, und kostet das etwas?&#8221;][vc_column_text]Besonderer Blumenschmuck ist in den meisten Kirchen m\u00f6glich. Da eine Kirche immer mit Blumen geschm\u00fcckt ist, m\u00fcssen Sie alles, was dar\u00fcber hinaus geht selbst bezahlen und meist auch selbst veranlassen, dass die Kirche geschm\u00fcckt wird.[\/vc_column_text][\/vc_accordion_tab][vc_accordion_tab title=&#8221;Was kostet die Trauung?&#8221;][vc_column_text]Dies ist in den einzelnen Gemeinden unterschiedlich geregelt. W\u00e4hrend der Traugottesdienst in vielen Gemeinden f\u00fcr Kirchenmitglieder kostenlos ist, erheben andere eine geringe Geb\u00fchr. Sollten Sie nicht in Ihrer heimischen Kirche heiraten, k\u00f6nnen zus\u00e4tzliche Kosten entstehen. Fragen Sie in diesem Fall den zust\u00e4ndigen Pastor oder die zust\u00e4ndige Pastorin nach den \u00f6rtlichen Regeln.[\/vc_column_text][\/vc_accordion_tab][vc_accordion_tab title=&#8221;D\u00fcrfen wir selbst bestimmen, wof\u00fcr die Kollekte bei unserer Trauung verwendet wird?&#8221;][vc_column_text]In vielen Gemeinden ist das m\u00f6glich. Fragen Sie Ihren Pfarrer oder Ihre Pfarrerin.[\/vc_column_text][\/vc_accordion_tab][vc_accordion_tab title=&#8221;Kann uns ein\/eine uns bekannter\/e \/Pfarrer\/Pfarrerin trauen, der\/die nicht in unserer Gemeinde arbeitet?&#8221;][vc_column_text]Ja. Sprechen Sie das mit Ihrem Pfarramt vor Ort ab.[\/vc_column_text][\/vc_accordion_tab][vc_accordion_tab title=&#8221;K\u00f6nnen wir Tag und Uhrzeit der kirchlichen Trauung w\u00e4hlen?&#8221;][vc_column_text]In den Kirchengemeinden gibt es unterschiedliche Traditionen. Teilweise sind bestimmte Zeiten f\u00fcr Trauungen festgelegt, in anderen F\u00e4llen k\u00f6nnen die Termine frei abgestimmt werden. Auf jeden Fall sollten sie den Termin fr\u00fchzeitig mit Ihrem Pastor absprechen. In der stillen Woche (Karwoche) vor Ostern und an einigen Festtagen sind keine Trauungen m\u00f6glich.[\/vc_column_text][\/vc_accordion_tab][vc_accordion_tab title=&#8221;Wir sind beide nicht in der Kirche. K\u00f6nnen wir uns kirchlich trauen lassen?&#8221;][vc_column_text]Nein, das ist nicht m\u00f6glich.[\/vc_column_text][\/vc_accordion_tab][vc_accordion_tab title=&#8221;Nur einer von uns ist in der Kirche. K\u00f6nnen wir uns kirchlich trauen lassen?&#8221;][vc_column_text]In der Regel setzt eine evangelische Trauung die Kirchenmitgliedschaft beider Ehepartner voraus. Ist einer der beiden nicht in der Kirche, so gibt es die M\u00f6glichkeit eines Gottesdienstes anl\u00e4sslich einer Eheschlie\u00dfung. Die n\u00e4here Gestaltung dieses Gottesdienstes &#8211; auch im Unterschied zur Trauung &#8211; f\u00e4llt in den einzelnen Gemeinden in Deutschland unterschiedlich aus. Um hier also eine konkrete Vorstellung zu bekommen, fragen Sie bitte in Ihrer Gemeinde nach, in der Sie getraut werden wollen.[\/vc_column_text][\/vc_accordion_tab][vc_accordion_tab title=&#8221;Kann man einen Gottesdienst anl\u00e4sslich einer Jubelhochzeit feiern?&#8221;][vc_column_text]Ja, es gibt kirchliche Formen, um ein solches Fest zu feiern. Fragen Sie in Ihrem Pfarramt nach![\/vc_column_text][\/vc_accordion_tab][vc_accordion_tab title=&#8221;Gibt es eine \u00f6kumenische Trauung?&#8221;][vc_column_text]Wenn ein Partner evangelisch, der\/die andere katholisch ist, kann entweder ein evangelischer Gottesdienst mit Beteiligung eines katholischen Priesters oder ein katholischer Gottesdienst mit Beteiligung eines evangelischen Pfarrers bzw. einer Pfarrerin gefeiert werden. Umgangssprachlich wird dies &#8220;\u00f6kumenisch&#8221; genannt.[\/vc_column_text][\/vc_accordion_tab][vc_accordion_tab title=&#8221;Gibt es ein kirchliches Ritual anl\u00e4sslich einer Scheidung?&#8221;][vc_column_text]Eine Aufgabe des\/r Pastors\/in ist die Begleitung von Menschen auch in Krisensituationen. Welche Formen und Rituale sinnvoll und m\u00f6glich sind sprechen Sie bitte bei ihrer\/m Pastor\/in an. Ein offizielles Scheidungsritual gibt es bisher in der evangelischen Kirche nicht, allerdings wird dieses derzeit an verschiedenen Stellen diskutiert.[\/vc_column_text][\/vc_accordion_tab][vc_accordion_tab title=&#8221;K\u00f6nnen wir uns als homosexuelles Paar kirchlich trauen lassen?&#8221;][vc_column_text]Gerne feiern wir mit Ihnen einen gro\u00dfen Gottesdienst f\u00fcr Ihre Beziehung. Sprechen Sie Ihren Pfarrer oder Ihre Pfarrerin an![\/vc_column_text][\/vc_accordion_tab][\/vc_accordion][\/vc_column][\/vc_row]<\/p>\n<\/div>","protected":false},"excerpt":{"rendered":"<p>[vc_row][vc_column][vc_column_text] Fragen zur Trauung [\/vc_column_text][\/vc_column][\/vc_row][vc_row][vc_column][vc_accordion][vc_accordion_tab title=&#8221;D\u00fcrfen wir w\u00e4hrend des Gottesdienstes fotografieren oder filmen?&#8221;][vc_column_text]Das wird in jeder Gemeinde unterschiedlich gehandhabt. Wenn es erlaubt ist, wird allerdings darum gebeten, dass eine Person das Filmen oder Fotografieren \u00fcbernimmt, um unn\u00f6tige Unruhe zu vermeiden. Wenn das Fotografieren w\u00e4hrend des Gottesdienstes nicht erlaubt ist, besteht meist die M\u00f6glichkeit, nach dem Gottesdienst noch Bilder zu machen.[\/vc_column_text][\/vc_accordion_tab][vc_accordion_tab title=&#8221;Ist es m\u00f6glich, die Kirche besonders zu schm\u00fccken, und kostet das etwas?&#8221;][vc_column_text]Besonderer Blumenschmuck ist in den meisten Kirchen m\u00f6glich. Da eine Kirche immer mit Blumen geschm\u00fcckt ist, m\u00fcssen Sie alles, was dar\u00fcber hinaus geht selbst bezahlen und meist auch selbst&#8230;<\/p>\n","protected":false},"author":1,"featured_media":0,"parent":833,"menu_order":4,"comment_status":"closed","ping_status":"closed","template":"","meta":{"footnotes":""},"class_list":["post-839","page","type-page","status-publish","hentry"],"_links":{"self":[{"href":"https:\/\/christusnews.de\/site\/wp-json\/wp\/v2\/pages\/839","targetHints":{"allow":["GET"]}}],"collection":[{"href":"https:\/\/christusnews.de\/site\/wp-json\/wp\/v2\/pages"}],"about":[{"href":"https:\/\/christusnews.de\/site\/wp-json\/wp\/v2\/types\/page"}],"author":[{"embeddable":true,"href":"https:\/\/christusnews.de\/site\/wp-json\/wp\/v2\/users\/1"}],"replies":[{"embeddable":true,"href":"https:\/\/christusnews.de\/site\/wp-json\/wp\/v2\/comments?post=839"}],"version-history":[{"count":7,"href":"https:\/\/christusnews.de\/site\/wp-json\/wp\/v2\/pages\/839\/revisions"}],"predecessor-version":[{"id":26627,"href":"https:\/\/christusnews.de\/site\/wp-json\/wp\/v2\/pages\/839\/revisions\/26627"}],"up":[{"embeddable":true,"href":"https:\/\/christusnews.de\/site\/wp-json\/wp\/v2\/pages\/833"}],"wp:attachment":[{"href":"https:\/\/christusnews.de\/site\/wp-json\/wp\/v2\/media?parent=839"}],"curies":[{"name":"wp","href":"https:\/\/api.w.org\/{rel}","templated":true}]}}