{"id":843,"date":"2015-03-17T08:53:29","date_gmt":"2015-03-17T07:53:29","guid":{"rendered":"http:\/\/christusnews.de\/site\/?page_id=843"},"modified":"2024-03-01T11:35:01","modified_gmt":"2024-03-01T10:35:01","slug":"umpfarrung","status":"publish","type":"page","link":"https:\/\/christusnews.de\/site\/kirche\/umpfarrung\/","title":{"rendered":"Umgemeindung"},"content":{"rendered":"<div class=\"wpb-content-wrapper\"><p>Wenn Sie Mitglied der\u00a0evangelischen Kirche Mitglied sind, geh\u00f6ren Sie in der Regel zu der Kirchen- bzw. Pfarrgemeinde, innerhalb deren Gebiet Ihr Wohnsitz liegt.<\/p>\n<p>Falls Sie sich aber in einer anderen evangelischen Kirchen- oder Pfarrgemeinde innerhalb Ihrer Stadt oder im Nachbarort zu Hause f\u00fchlen und dort auch formell dazu geh\u00f6ren m\u00f6chten, dann gibt es daf\u00fcr die M\u00f6glichkeit der <strong>\u201eUmgemeindung&#8221; <\/strong>(auch Umpfarrung genannt). Das Pfarramt der Gemeinde, in der Sie sich anmelden wollen, kann eine Umgemeindung<strong>\u00a0<\/strong>f\u00fcr Sie in die Wege leiten und das Einvernehmen mit Ihrer Wohn-Kirchengemeinde herstellen.<\/p>\n<p>In der Regel muss die\u00a0Umgemeindung\u00a0nach jedem weiteren Wohnsitzwechsel erneuert werden, wenn Sie bestehen bleiben soll.<\/p>\n<p>Falls Sie eine\u00a0Umgemeindung w\u00fcnschen, drucken Sie bitte das Formular (siehe unten) aus, tragen Ihre Daten in\u00a0die blauen Bereiche des Formulars ein\u00a0und senden es unterschrieben an unsere\u00a0<a href=\"https:\/\/christusnews.de\/site\/impressum\/\">Kirchengemeinde per Post<\/a>:<\/p>\n<div id=\"c229\" class=\"csc-default\">\n<p class=\"bodytext\" style=\"text-align: center;\"><strong>Ev.-luth. Kirchengemeinde Havenkirche<\/strong><\/p>\n<p style=\"text-align: center;\">Heppenser Stra\u00dfe 29<br \/>\nD-26384 Wilhelmshaven<\/p>\n<p style=\"text-align: center;\">Telefon: <a href=\"tel:+494421302279\">04421 \u2013 302279<\/a><br \/>\nE-Mail: <a href=\"mailto:kirchenbuero.whv-havenkirche@kirche-oldenburg.de\">kirchenbuero.whv-havenkirche@kirche-oldenburg.de<\/a><br \/>\nWeb: <a href=\"http:\/\/www.havenkirche.de\" target=\"_blank\" rel=\"noopener noreferrer\">www.havenkirche.de<\/a><\/p>\n<p class=\"bodytext\" style=\"text-align: center;\">\n<\/div>\n<div id=\"c230\" class=\"csc-default\"><\/div>\n<p>[vc_row][vc_column width=&#8221;1\/1&#8243;][vc_button title=&#8221;Formular zur Umpfarrung (DOWNLOAD)&#8221; target=&#8221;_blank&#8221; color=&#8221;btn-success&#8221; icon=&#8221;wpb_document_pdf&#8221; size=&#8221;btn-large&#8221; href=&#8221;https:\/\/christusnews.de\/site\/wp-content\/uploads\/Umpfarrung.pdf&#8221;][vc_column_text]<\/p>\n<p>[\/vc_column_text][\/vc_column][\/vc_row]<\/p>\n<\/div>","protected":false},"excerpt":{"rendered":"<p>Wenn Sie Mitglied der\u00a0evangelischen Kirche Mitglied sind, geh\u00f6ren Sie in der Regel zu der Kirchen- bzw. Pfarrgemeinde, innerhalb deren Gebiet Ihr Wohnsitz liegt. Falls Sie sich aber in einer anderen evangelischen Kirchen- oder Pfarrgemeinde innerhalb Ihrer Stadt oder im Nachbarort zu Hause f\u00fchlen und dort auch formell dazu geh\u00f6ren m\u00f6chten, dann gibt es daf\u00fcr die M\u00f6glichkeit der \u201eUmgemeindung&#8221; (auch Umpfarrung genannt). Das Pfarramt der Gemeinde, in der Sie sich anmelden wollen, kann eine Umgemeindung\u00a0f\u00fcr Sie in die Wege leiten und das Einvernehmen mit Ihrer Wohn-Kirchengemeinde herstellen. In der Regel muss die\u00a0Umgemeindung\u00a0nach jedem weiteren Wohnsitzwechsel erneuert werden, wenn Sie bestehen bleiben&#8230;<\/p>\n","protected":false},"author":1,"featured_media":0,"parent":833,"menu_order":6,"comment_status":"closed","ping_status":"closed","template":"","meta":{"footnotes":""},"class_list":["post-843","page","type-page","status-publish","hentry"],"_links":{"self":[{"href":"https:\/\/christusnews.de\/site\/wp-json\/wp\/v2\/pages\/843","targetHints":{"allow":["GET"]}}],"collection":[{"href":"https:\/\/christusnews.de\/site\/wp-json\/wp\/v2\/pages"}],"about":[{"href":"https:\/\/christusnews.de\/site\/wp-json\/wp\/v2\/types\/page"}],"author":[{"embeddable":true,"href":"https:\/\/christusnews.de\/site\/wp-json\/wp\/v2\/users\/1"}],"replies":[{"embeddable":true,"href":"https:\/\/christusnews.de\/site\/wp-json\/wp\/v2\/comments?post=843"}],"version-history":[{"count":19,"href":"https:\/\/christusnews.de\/site\/wp-json\/wp\/v2\/pages\/843\/revisions"}],"predecessor-version":[{"id":26631,"href":"https:\/\/christusnews.de\/site\/wp-json\/wp\/v2\/pages\/843\/revisions\/26631"}],"up":[{"embeddable":true,"href":"https:\/\/christusnews.de\/site\/wp-json\/wp\/v2\/pages\/833"}],"wp:attachment":[{"href":"https:\/\/christusnews.de\/site\/wp-json\/wp\/v2\/media?parent=843"}],"curies":[{"name":"wp","href":"https:\/\/api.w.org\/{rel}","templated":true}]}}