{"id":857,"date":"2015-03-17T08:59:21","date_gmt":"2015-03-17T07:59:21","guid":{"rendered":"http:\/\/christusnews.de\/site\/?page_id=857"},"modified":"2015-03-20T13:39:00","modified_gmt":"2015-03-20T12:39:00","slug":"gemeindefruehstueck","status":"publish","type":"page","link":"https:\/\/christusnews.de\/site\/gemeinde\/gemeindefruehstueck\/","title":{"rendered":"Gemeindefr\u00fchst\u00fcck"},"content":{"rendered":"<div class=\"wpb-content-wrapper\"><p>[vc_row][vc_column width=&#8221;1\/1&#8243;][vc_column_text css_animation=&#8221;right-to-left&#8221;]Seit Anfang 2006 treffen sich j\u00fcngere Seniorinnen und Senioren zu einem gepflegten Gemeindefr\u00fchst\u00fcck. Es gibt literarische H\u00e4ppchen, die von Schauspielern vorgetragen werden. Dazu bekommen alle ein paar kurze Informationen und Einblicke in\u00a0die Gemeinde. Das wichtigste aber ist\u00a0Zeit f\u00fcr Gespr\u00e4ch und Austausch. Mit 60 Teilnehmenden trifft diese Idee offensichtlich die Bed\u00fcrfnisse der j\u00fcngeren Senioren. Ansprechpartner ist Bernhard Busemann und sein Team[\/vc_column_text][\/vc_column][\/vc_row]<\/p>\n<\/div>","protected":false},"excerpt":{"rendered":"<p>[vc_row][vc_column width=&#8221;1\/1&#8243;][vc_column_text css_animation=&#8221;right-to-left&#8221;]Seit Anfang 2006 treffen sich j\u00fcngere Seniorinnen und Senioren zu einem gepflegten Gemeindefr\u00fchst\u00fcck. Es gibt literarische H\u00e4ppchen, die von Schauspielern vorgetragen werden. Dazu bekommen alle ein paar kurze Informationen und Einblicke in\u00a0die Gemeinde. Das wichtigste aber ist\u00a0Zeit f\u00fcr Gespr\u00e4ch und Austausch. Mit 60 Teilnehmenden trifft diese Idee offensichtlich die Bed\u00fcrfnisse der j\u00fcngeren Senioren. Ansprechpartner ist Bernhard Busemann und sein Team[\/vc_column_text][\/vc_column][\/vc_row]<\/p>\n","protected":false},"author":1,"featured_media":0,"parent":847,"menu_order":3,"comment_status":"closed","ping_status":"closed","template":"","meta":{"footnotes":""},"class_list":["post-857","page","type-page","status-publish","hentry"],"_links":{"self":[{"href":"https:\/\/christusnews.de\/site\/wp-json\/wp\/v2\/pages\/857","targetHints":{"allow":["GET"]}}],"collection":[{"href":"https:\/\/christusnews.de\/site\/wp-json\/wp\/v2\/pages"}],"about":[{"href":"https:\/\/christusnews.de\/site\/wp-json\/wp\/v2\/types\/page"}],"author":[{"embeddable":true,"href":"https:\/\/christusnews.de\/site\/wp-json\/wp\/v2\/users\/1"}],"replies":[{"embeddable":true,"href":"https:\/\/christusnews.de\/site\/wp-json\/wp\/v2\/comments?post=857"}],"version-history":[{"count":3,"href":"https:\/\/christusnews.de\/site\/wp-json\/wp\/v2\/pages\/857\/revisions"}],"predecessor-version":[{"id":1216,"href":"https:\/\/christusnews.de\/site\/wp-json\/wp\/v2\/pages\/857\/revisions\/1216"}],"up":[{"embeddable":true,"href":"https:\/\/christusnews.de\/site\/wp-json\/wp\/v2\/pages\/847"}],"wp:attachment":[{"href":"https:\/\/christusnews.de\/site\/wp-json\/wp\/v2\/media?parent=857"}],"curies":[{"name":"wp","href":"https:\/\/api.w.org\/{rel}","templated":true}]}}