{"id":861,"date":"2015-03-17T09:00:00","date_gmt":"2015-03-17T08:00:00","guid":{"rendered":"http:\/\/christusnews.de\/site\/?page_id=861"},"modified":"2015-03-20T18:01:59","modified_gmt":"2015-03-20T17:01:59","slug":"kirchencafe","status":"publish","type":"page","link":"https:\/\/christusnews.de\/site\/gemeinde\/kirchencafe\/","title":{"rendered":"Kirchencaf\u00e9"},"content":{"rendered":"<div class=\"wpb-content-wrapper\"><p>[vc_row][vc_column width=&#8221;1\/1&#8243;][vc_column_text css_animation=&#8221;right-to-left&#8221;]Das zweite Programm: Im Anschlu\u00df an jeden Gottesdienst \u00f6ffnet das Kirchencafe seine T\u00fcren. Im Gemeindehaus treffen sich jeweils zwischen 40\u00a0und 60 GottesdienstbesucherInnen. Vorbereitet wird alles von einem engagierten Kreis von Frauen, die schon um 9.00 anfangen den Kaffee aufzubr\u00fchen und die letzte Tasse oft erst um 12.30 Uhr abgewaschen haben.<\/p>\n<p>Ein wichtiger Treffpunkt unserer Gemeinde! Herzliche Einladung an alle.[\/vc_column_text][\/vc_column][\/vc_row]<\/p>\n<\/div>","protected":false},"excerpt":{"rendered":"<p>[vc_row][vc_column width=&#8221;1\/1&#8243;][vc_column_text css_animation=&#8221;right-to-left&#8221;]Das zweite Programm: Im Anschlu\u00df an jeden Gottesdienst \u00f6ffnet das Kirchencafe seine T\u00fcren. Im Gemeindehaus treffen sich jeweils zwischen 40\u00a0und 60 GottesdienstbesucherInnen. Vorbereitet wird alles von einem engagierten Kreis von Frauen, die schon um 9.00 anfangen den Kaffee aufzubr\u00fchen und die letzte Tasse oft erst um 12.30 Uhr abgewaschen haben. Ein wichtiger Treffpunkt unserer Gemeinde! Herzliche Einladung an alle.[\/vc_column_text][\/vc_column][\/vc_row]<\/p>\n","protected":false},"author":1,"featured_media":0,"parent":847,"menu_order":5,"comment_status":"closed","ping_status":"closed","template":"","meta":{"footnotes":""},"class_list":["post-861","page","type-page","status-publish","hentry"],"_links":{"self":[{"href":"https:\/\/christusnews.de\/site\/wp-json\/wp\/v2\/pages\/861","targetHints":{"allow":["GET"]}}],"collection":[{"href":"https:\/\/christusnews.de\/site\/wp-json\/wp\/v2\/pages"}],"about":[{"href":"https:\/\/christusnews.de\/site\/wp-json\/wp\/v2\/types\/page"}],"author":[{"embeddable":true,"href":"https:\/\/christusnews.de\/site\/wp-json\/wp\/v2\/users\/1"}],"replies":[{"embeddable":true,"href":"https:\/\/christusnews.de\/site\/wp-json\/wp\/v2\/comments?post=861"}],"version-history":[{"count":3,"href":"https:\/\/christusnews.de\/site\/wp-json\/wp\/v2\/pages\/861\/revisions"}],"predecessor-version":[{"id":1275,"href":"https:\/\/christusnews.de\/site\/wp-json\/wp\/v2\/pages\/861\/revisions\/1275"}],"up":[{"embeddable":true,"href":"https:\/\/christusnews.de\/site\/wp-json\/wp\/v2\/pages\/847"}],"wp:attachment":[{"href":"https:\/\/christusnews.de\/site\/wp-json\/wp\/v2\/media?parent=861"}],"curies":[{"name":"wp","href":"https:\/\/api.w.org\/{rel}","templated":true}]}}