{"id":863,"date":"2015-03-17T09:00:19","date_gmt":"2015-03-17T08:00:19","guid":{"rendered":"http:\/\/christusnews.de\/site\/?page_id=863"},"modified":"2019-10-19T19:29:44","modified_gmt":"2019-10-19T17:29:44","slug":"lektoren","status":"publish","type":"page","link":"https:\/\/christusnews.de\/site\/gemeinde\/lektoren\/","title":{"rendered":"Lektoren"},"content":{"rendered":"<div class=\"wpb-content-wrapper\"><p>[vc_row][vc_column width=&#8221;1\/1&#8243;][vc_column_text css_animation=&#8221;right-to-left&#8221;]Der Gottesdienst unserer Kirche lebt von einem gro\u00dfen Einsatz ehrenamtlicher MitarbeiterInnen. Den Gottesdienst gestalten ausgebildete LektorInnen mit. Sie lesen Evangelium und Glaubensbekenntnis, \u00fcbernehmen F\u00fcrbitten und teilen das Abendmahl mit aus. Mehr als zwanzig ausgebildete Gemeindeglieder \u00fcbernehmen Arbeiten und pr\u00e4gen den Gottesdienst mit.<\/p>\n<p>Der Lektorentreff dient zur Aufarbeitung und Besprechung der Gottesdienste. Hier werden neue Liturgien ausprobiert und auf den Weg gebracht.<\/p>\n<p>Genaue Informationen oder Hinweise k\u00f6nnen Ihnen Frank Morgenstern und Bernhard Busemann erteilen.<\/p>\n<p>&nbsp;<\/p>\n<p>Ausserdem gibt es \u00fcberregionale Treffen der Lektorinnen und Lektoren aus dem Kirchenkreis.<\/p>\n<p>Dazu kann man den Flyer herunterladen und sich anmelden:<\/p>\n<p><a href=\"https:\/\/christusnews.de\/site\/wp-content\/uploads\/Plakat-Lektorentreff-2016-1.pdf\">Flyer regionale Lektorentreffen 2019\/2020: <\/a><a href=\"https:\/\/christusnews.de\/site\/wp-content\/uploads\/20191123-Anmeldung-Lektorenkurse.pdf\">20191123 Anmeldung Lektorenkurse<\/a><\/p>\n<\/div>","protected":false},"excerpt":{"rendered":"<p>[vc_row][vc_column width=&#8221;1\/1&#8243;][vc_column_text css_animation=&#8221;right-to-left&#8221;]Der Gottesdienst unserer Kirche lebt von einem gro\u00dfen Einsatz ehrenamtlicher MitarbeiterInnen. Den Gottesdienst gestalten ausgebildete LektorInnen mit. Sie lesen Evangelium und Glaubensbekenntnis, \u00fcbernehmen F\u00fcrbitten und teilen das Abendmahl mit aus. Mehr als zwanzig ausgebildete Gemeindeglieder \u00fcbernehmen Arbeiten und pr\u00e4gen den Gottesdienst mit. Der Lektorentreff dient zur Aufarbeitung und Besprechung der Gottesdienste. Hier werden neue Liturgien ausprobiert und auf den Weg gebracht. Genaue Informationen oder Hinweise k\u00f6nnen Ihnen Frank Morgenstern und Bernhard Busemann erteilen. &nbsp; Ausserdem gibt es \u00fcberregionale Treffen der Lektorinnen und Lektoren aus dem Kirchenkreis. Dazu kann man den Flyer herunterladen und sich anmelden: Flyer regionale Lektorentreffen&#8230;<\/p>\n","protected":false},"author":1,"featured_media":0,"parent":847,"menu_order":6,"comment_status":"closed","ping_status":"closed","template":"","meta":{"footnotes":""},"class_list":["post-863","page","type-page","status-publish","hentry"],"_links":{"self":[{"href":"https:\/\/christusnews.de\/site\/wp-json\/wp\/v2\/pages\/863","targetHints":{"allow":["GET"]}}],"collection":[{"href":"https:\/\/christusnews.de\/site\/wp-json\/wp\/v2\/pages"}],"about":[{"href":"https:\/\/christusnews.de\/site\/wp-json\/wp\/v2\/types\/page"}],"author":[{"embeddable":true,"href":"https:\/\/christusnews.de\/site\/wp-json\/wp\/v2\/users\/1"}],"replies":[{"embeddable":true,"href":"https:\/\/christusnews.de\/site\/wp-json\/wp\/v2\/comments?post=863"}],"version-history":[{"count":11,"href":"https:\/\/christusnews.de\/site\/wp-json\/wp\/v2\/pages\/863\/revisions"}],"predecessor-version":[{"id":13034,"href":"https:\/\/christusnews.de\/site\/wp-json\/wp\/v2\/pages\/863\/revisions\/13034"}],"up":[{"embeddable":true,"href":"https:\/\/christusnews.de\/site\/wp-json\/wp\/v2\/pages\/847"}],"wp:attachment":[{"href":"https:\/\/christusnews.de\/site\/wp-json\/wp\/v2\/media?parent=863"}],"curies":[{"name":"wp","href":"https:\/\/api.w.org\/{rel}","templated":true}]}}