{"id":865,"date":"2015-03-17T09:00:57","date_gmt":"2015-03-17T08:00:57","guid":{"rendered":"http:\/\/christusnews.de\/site\/?page_id=865"},"modified":"2015-03-20T13:50:35","modified_gmt":"2015-03-20T12:50:35","slug":"kita","status":"publish","type":"page","link":"https:\/\/christusnews.de\/site\/kita\/","title":{"rendered":"KITA"},"content":{"rendered":"<div class=\"wpb-content-wrapper\"><p>[vc_row][vc_column width=&#8221;1\/1&#8243;][vc_single_image image=&#8221;1227&#8243; alignment=&#8221;center&#8221; border_color=&#8221;grey&#8221; img_link_large=&#8221;&#8221; img_link_target=&#8221;_self&#8221; css_animation=&#8221;appear&#8221; img_size=&#8221;full&#8221;][\/vc_column][\/vc_row][vc_row][vc_column][vc_column_text css_animation=&#8221;right-to-left&#8221;]Zur Christus- und Garnisonkirche geh\u00f6ren zwei Kindertagesst\u00e4tten. Der Christus-Kindergarten an der Adalbertstra\u00dfe und die Kindertagesst\u00e4tte Inselviertel an der Bismarckstra\u00dfe.<\/p>\n<p>Beide Kindertagesst\u00e4tten haben eine eigene Homepage. Sie k\u00f6nnen sie \u00fcber die Links in der Navigation oder siehe unten erreichen.<\/p>\n<p>&nbsp;<\/p>\n<p>[\/vc_column_text][\/vc_column][\/vc_row][vc_row][vc_column width=&#8221;1\/1&#8243;][vc_separator color=&#8221;grey&#8221; align=&#8221;align_center&#8221;][\/vc_column][\/vc_row][vc_row][vc_column width=&#8221;1\/1&#8243;][vc_cta_button call_text=&#8221;Zur Homepage des Christus-Kindergaten&#8221; title=&#8221;Christus-Kindergaten&#8221; target=&#8221;_blank&#8221; color=&#8221;btn-success&#8221; icon=&#8221;none&#8221; size=&#8221;btn-large&#8221; position=&#8221;cta_align_right&#8221; href=&#8221;http:\/\/www.christus-kindergarten.de&#8221;][\/vc_column][\/vc_row][vc_row][vc_column width=&#8221;1\/1&#8243;][vc_cta_button call_text=&#8221;Zur Homepage der KITA Inselviertel&#8221; title=&#8221;KITA Inselviertel&#8221; target=&#8221;_blank&#8221; color=&#8221;btn-success&#8221; icon=&#8221;none&#8221; size=&#8221;btn-large&#8221; position=&#8221;cta_align_right&#8221; href=&#8221;http:\/\/www.kindertagesstaette-inselviertel.de&#8221;][\/vc_column][\/vc_row]<\/p>\n<\/div>","protected":false},"excerpt":{"rendered":"<p>[vc_row][vc_column width=&#8221;1\/1&#8243;][vc_single_image image=&#8221;1227&#8243; alignment=&#8221;center&#8221; border_color=&#8221;grey&#8221; img_link_large=&#8221;&#8221; img_link_target=&#8221;_self&#8221; css_animation=&#8221;appear&#8221; img_size=&#8221;full&#8221;][\/vc_column][\/vc_row][vc_row][vc_column][vc_column_text css_animation=&#8221;right-to-left&#8221;]Zur Christus- und Garnisonkirche geh\u00f6ren zwei Kindertagesst\u00e4tten. Der Christus-Kindergarten an der Adalbertstra\u00dfe und die Kindertagesst\u00e4tte Inselviertel an der Bismarckstra\u00dfe. Beide Kindertagesst\u00e4tten haben eine eigene Homepage. Sie k\u00f6nnen sie \u00fcber die Links in der Navigation oder siehe unten erreichen. &nbsp; [\/vc_column_text][\/vc_column][\/vc_row][vc_row][vc_column width=&#8221;1\/1&#8243;][vc_separator color=&#8221;grey&#8221; align=&#8221;align_center&#8221;][\/vc_column][\/vc_row][vc_row][vc_column width=&#8221;1\/1&#8243;][vc_cta_button call_text=&#8221;Zur Homepage des Christus-Kindergaten&#8221; title=&#8221;Christus-Kindergaten&#8221; target=&#8221;_blank&#8221; color=&#8221;btn-success&#8221; icon=&#8221;none&#8221; size=&#8221;btn-large&#8221; position=&#8221;cta_align_right&#8221; href=&#8221;http:\/\/www.christus-kindergarten.de&#8221;][\/vc_column][\/vc_row][vc_row][vc_column width=&#8221;1\/1&#8243;][vc_cta_button call_text=&#8221;Zur Homepage der KITA Inselviertel&#8221; title=&#8221;KITA Inselviertel&#8221; target=&#8221;_blank&#8221; color=&#8221;btn-success&#8221; icon=&#8221;none&#8221; size=&#8221;btn-large&#8221; position=&#8221;cta_align_right&#8221; href=&#8221;http:\/\/www.kindertagesstaette-inselviertel.de&#8221;][\/vc_column][\/vc_row]<\/p>\n","protected":false},"author":1,"featured_media":0,"parent":0,"menu_order":6,"comment_status":"closed","ping_status":"closed","template":"","meta":{"footnotes":""},"class_list":["post-865","page","type-page","status-publish","hentry"],"_links":{"self":[{"href":"https:\/\/christusnews.de\/site\/wp-json\/wp\/v2\/pages\/865","targetHints":{"allow":["GET"]}}],"collection":[{"href":"https:\/\/christusnews.de\/site\/wp-json\/wp\/v2\/pages"}],"about":[{"href":"https:\/\/christusnews.de\/site\/wp-json\/wp\/v2\/types\/page"}],"author":[{"embeddable":true,"href":"https:\/\/christusnews.de\/site\/wp-json\/wp\/v2\/users\/1"}],"replies":[{"embeddable":true,"href":"https:\/\/christusnews.de\/site\/wp-json\/wp\/v2\/comments?post=865"}],"version-history":[{"count":3,"href":"https:\/\/christusnews.de\/site\/wp-json\/wp\/v2\/pages\/865\/revisions"}],"predecessor-version":[{"id":1228,"href":"https:\/\/christusnews.de\/site\/wp-json\/wp\/v2\/pages\/865\/revisions\/1228"}],"wp:attachment":[{"href":"https:\/\/christusnews.de\/site\/wp-json\/wp\/v2\/media?parent=865"}],"curies":[{"name":"wp","href":"https:\/\/api.w.org\/{rel}","templated":true}]}}