{"id":869,"date":"2015-03-17T09:01:37","date_gmt":"2015-03-17T08:01:37","guid":{"rendered":"http:\/\/christusnews.de\/site\/?page_id=869"},"modified":"2015-03-20T14:20:03","modified_gmt":"2015-03-20T13:20:03","slug":"orgel","status":"publish","type":"page","link":"https:\/\/christusnews.de\/site\/musik\/orgel\/","title":{"rendered":"Orgel"},"content":{"rendered":"<div class=\"wpb-content-wrapper\"><p>[vc_row][vc_column width=&#8221;1\/1&#8243;][vc_single_image image=&#8221;1242&#8243; alignment=&#8221;center&#8221; border_color=&#8221;grey&#8221; img_link_large=&#8221;&#8221; img_link_target=&#8221;_self&#8221; css_animation=&#8221;appear&#8221; img_size=&#8221;full&#8221;][\/vc_column][\/vc_row][vc_row][vc_column width=&#8221;1\/1&#8243;][vc_column_text]Die Orgel der Christus- und Garnisonkirche wurde im Jahre 1959 von der Wilhelmshavener Orgelbaufirma F\u00fchrer erbaut.<\/p>\n<p>&nbsp;<\/p>\n<p>Es ist ein dreimanualiges Instrument mit mechanischer Spiel- und elektrischer Registertraktur. Die Koppeln gibt es auch als Fu\u00dftritte. 1982 erweiterte die Bielefelder Orgelbaufirma Kleuker die Orgel um drei neue Register (in der Disposition gekennzeichnet) und eine Setzeranlage.<\/p>\n<p>&nbsp;<\/p>\n<p>Die Setzeranlage erlaubt die Programmierung von 8 Komplettregistrierungen, die w\u00e4hrend des Spiels durch Handdruckkn\u00f6pfe oder Fu\u00dftritte ausgel\u00f6st werden k\u00f6nnen. Im Mai 2000 wurde die Orgel einer gr\u00fcndlichen Reinigung und Neuintonation unterzogen, die Arbeiten waren wieder in H\u00e4nden der Erbauerfirma F\u00fchrer.<\/p>\n<p>[\/vc_column_text][\/vc_column][\/vc_row][vc_row][vc_column width=&#8221;1\/1&#8243;][vc_column_text]<\/p>\n<h3>Disposition<\/h3>\n<p><strong>HAUPTWERK (I)<\/strong><br \/>\n18 Bordun 16\u2019 (neu)<br \/>\n19 Praestant 8\u2019<br \/>\n20 Rohrfl\u00f6te 8\u2019<br \/>\n21 Oktave 4\u2019<br \/>\n22 Gedacktfl\u00f6te 4\u2018<br \/>\n23 Quinte 2 2\/3\u2019<br \/>\n24 Superoktave 2\u2018<br \/>\n25 Mixtur 5f. 1 1\/3\u2018<br \/>\n26 Trompete 8\u2019<br \/>\n27 Koppel Bw\/Hw<\/p>\n<p>&nbsp;<\/p>\n<p>&nbsp;<\/p>\n<p><strong>28 Koppel Kp\/Hw KRONPOSITIV (II)<\/strong><\/p>\n<p>10 Metallgedackt 8\u2019<br \/>\n11 Principal 4\u2019<br \/>\n12 Rohrfl\u00f6te 4\u2019<br \/>\n13 Blockfl\u00f6te 2\u2019<br \/>\n14 Quinte 1 1\/3\u2019<br \/>\n15 Scharff 3f. 1\u2018<br \/>\n16 Dulcian 8\u2019<\/p>\n<p>&nbsp;<\/p>\n<p>&nbsp;<\/p>\n<p><strong>17 Tremulant (neu) BRUSTWERK (III)<\/strong><\/p>\n<p>01 Holzgedackt 8\u2019<br \/>\n02 Flute douce 8\u2019<br \/>\n03 Blockfl\u00f6te 4\u2019(neu)<br \/>\n04 Oktave 2\u2019<br \/>\n05 Sesquialtera 2f. 2 2\/3\u2018<br \/>\n06 Gemshorn 1\u2018<br \/>\n07 Zimbel 3f. \u00bd\u2018<br \/>\n08 Rohrschalmey 8\u2019(neu)<br \/>\n09 Tremulant\u00a0schwellbar<\/p>\n<p>&nbsp;<\/p>\n<p><strong>PEDAL<\/strong><\/p>\n<p>29 Prinzipal 16\u2018<br \/>\n30 Subbass 16\u2019<br \/>\n31 Principal 8\u2019<br \/>\n32 Gedackt 8\u2019<br \/>\n33 Choralba\u00df 4\u2019<br \/>\n34 Rauschpfeife 4f. 2\u2019<br \/>\n35 Posaune 16\u2018<br \/>\n36 Trompete 4\u2019<br \/>\n37 Koppel Bw\/Ped<br \/>\n38 Koppel Kp\/Ped<br \/>\n39 Koppel Hw\/Ped[\/vc_column_text][\/vc_column][\/vc_row]<\/p>\n<\/div>","protected":false},"excerpt":{"rendered":"<p>[vc_row][vc_column width=&#8221;1\/1&#8243;][vc_single_image image=&#8221;1242&#8243; alignment=&#8221;center&#8221; border_color=&#8221;grey&#8221; img_link_large=&#8221;&#8221; img_link_target=&#8221;_self&#8221; css_animation=&#8221;appear&#8221; img_size=&#8221;full&#8221;][\/vc_column][\/vc_row][vc_row][vc_column width=&#8221;1\/1&#8243;][vc_column_text]Die Orgel der Christus- und Garnisonkirche wurde im Jahre 1959 von der Wilhelmshavener Orgelbaufirma F\u00fchrer erbaut. &nbsp; Es ist ein dreimanualiges Instrument mit mechanischer Spiel- und elektrischer Registertraktur. Die Koppeln gibt es auch als Fu\u00dftritte. 1982 erweiterte die Bielefelder Orgelbaufirma Kleuker die Orgel um drei neue Register (in der Disposition gekennzeichnet) und eine Setzeranlage. &nbsp; Die Setzeranlage erlaubt die Programmierung von 8 Komplettregistrierungen, die w\u00e4hrend des Spiels durch Handdruckkn\u00f6pfe oder Fu\u00dftritte ausgel\u00f6st werden k\u00f6nnen. Im Mai 2000 wurde die Orgel einer gr\u00fcndlichen Reinigung und Neuintonation unterzogen, die Arbeiten waren wieder in&#8230;<\/p>\n","protected":false},"author":1,"featured_media":0,"parent":867,"menu_order":2,"comment_status":"closed","ping_status":"closed","template":"","meta":{"footnotes":""},"class_list":["post-869","page","type-page","status-publish","hentry"],"_links":{"self":[{"href":"https:\/\/christusnews.de\/site\/wp-json\/wp\/v2\/pages\/869","targetHints":{"allow":["GET"]}}],"collection":[{"href":"https:\/\/christusnews.de\/site\/wp-json\/wp\/v2\/pages"}],"about":[{"href":"https:\/\/christusnews.de\/site\/wp-json\/wp\/v2\/types\/page"}],"author":[{"embeddable":true,"href":"https:\/\/christusnews.de\/site\/wp-json\/wp\/v2\/users\/1"}],"replies":[{"embeddable":true,"href":"https:\/\/christusnews.de\/site\/wp-json\/wp\/v2\/comments?post=869"}],"version-history":[{"count":4,"href":"https:\/\/christusnews.de\/site\/wp-json\/wp\/v2\/pages\/869\/revisions"}],"predecessor-version":[{"id":1244,"href":"https:\/\/christusnews.de\/site\/wp-json\/wp\/v2\/pages\/869\/revisions\/1244"}],"up":[{"embeddable":true,"href":"https:\/\/christusnews.de\/site\/wp-json\/wp\/v2\/pages\/867"}],"wp:attachment":[{"href":"https:\/\/christusnews.de\/site\/wp-json\/wp\/v2\/media?parent=869"}],"curies":[{"name":"wp","href":"https:\/\/api.w.org\/{rel}","templated":true}]}}