{"id":874,"date":"2015-03-17T09:02:12","date_gmt":"2015-03-17T08:02:12","guid":{"rendered":"http:\/\/christusnews.de\/site\/?page_id=874"},"modified":"2015-03-20T17:40:45","modified_gmt":"2015-03-20T16:40:45","slug":"ensemble","status":"publish","type":"page","link":"https:\/\/christusnews.de\/site\/musik\/ensemble\/","title":{"rendered":"Ensemble"},"content":{"rendered":"<div class=\"wpb-content-wrapper\"><p>[vc_row][vc_column width=&#8221;1\/1&#8243;][vc_column_text]<\/p>\n<h3>BLOCKFL\u00d6TENENSEMBLE &#8220;Flauto del Mare&#8221;<\/h3>\n<p>Seit dem Fr\u00fchjahr 1999 existiert ein Blockfl\u00f6ten-Ensemble in der Christus- und Garnisonkirche. Die Besetzung besteht aus Sopranino, Sopran, Alt, Tenor, Bass und Gross-Bass. Gespielt werden St\u00fccke der g\u00e4ngigen Literatur aus Renaissance, Barock und Moderne auch gelegentlich Transkriptionen aus der U- Musik.<\/p>\n<p>&nbsp;<\/p>\n<p>&nbsp;<\/p>\n<p>Nat\u00fcrlich spielt das Blockfl\u00f6ten-Ensemble regelm\u00e4\u00dfig auch in unseren Gottesdiensten.<\/p>\n<p>&nbsp;<\/p>\n<p>&nbsp;<\/p>\n<p>Bisher trifft sich die Gruppe zum \u00dcben jeden Mittwoch um 18.00 Uhr im Gemeindehaus.<\/p>\n<p>&nbsp;<\/p>\n<p>&nbsp;<\/p>\n<p>Die Leitung hat Annette Kallage, die Sie unter der Emailadresse <a href=\"mailto:annette.kallage@christusnews.de\">annette.kallage@christusnews.de<\/a> kontaktieren k\u00f6nnen.<\/p>\n<p>[\/vc_column_text][\/vc_column][\/vc_row][vc_row][vc_column width=&#8221;1\/1&#8243;][vc_message color=&#8221;info&#8221; message_box_style=&#8221;standard&#8221; style=&#8221;rounded&#8221; message_box_color=&#8221;info&#8221; icon_type=&#8221;fontawesome&#8221; icon_fontawesome=&#8221;fa fa-info-circle&#8221; icon_openiconic=&#8221;vc-oi vc-oi-dial&#8221; icon_typicons=&#8221;typcn typcn-adjust-brightness&#8221; icon_entypo=&#8221;entypo-icon entypo-icon-note&#8221; icon_linecons=&#8221;vc_li vc_li-heart&#8221; icon_pixelicons=&#8221;vc_pixel_icon vc_pixel_icon-alert&#8221; css_animation=&#8221;appear&#8221;]Der Kurs ist ein Angebot der Evangelischen Familienbildungsst\u00e4tte. Weitere Informationen hierzu gibt es im Internet unter\u00a0<a href=\"http:\/\/www.efb-friwhv.de\" target=\"_blank\">www.efb-friwhv.de<\/a>.[\/vc_message][\/vc_column][\/vc_row]<\/p>\n<\/div>","protected":false},"excerpt":{"rendered":"<p>[vc_row][vc_column width=&#8221;1\/1&#8243;][vc_column_text] BLOCKFL\u00d6TENENSEMBLE &#8220;Flauto del Mare&#8221; Seit dem Fr\u00fchjahr 1999 existiert ein Blockfl\u00f6ten-Ensemble in der Christus- und Garnisonkirche. Die Besetzung besteht aus Sopranino, Sopran, Alt, Tenor, Bass und Gross-Bass. Gespielt werden St\u00fccke der g\u00e4ngigen Literatur aus Renaissance, Barock und Moderne auch gelegentlich Transkriptionen aus der U- Musik. &nbsp; &nbsp; Nat\u00fcrlich spielt das Blockfl\u00f6ten-Ensemble regelm\u00e4\u00dfig auch in unseren Gottesdiensten. &nbsp; &nbsp; Bisher trifft sich die Gruppe zum \u00dcben jeden Mittwoch um 18.00 Uhr im Gemeindehaus. &nbsp; &nbsp; Die Leitung hat Annette Kallage, die Sie unter der Emailadresse annette.kallage@christusnews.de kontaktieren k\u00f6nnen. [\/vc_column_text][\/vc_column][\/vc_row][vc_row][vc_column width=&#8221;1\/1&#8243;][vc_message color=&#8221;info&#8221; message_box_style=&#8221;standard&#8221; style=&#8221;rounded&#8221; message_box_color=&#8221;info&#8221; icon_type=&#8221;fontawesome&#8221; icon_fontawesome=&#8221;fa fa-info-circle&#8221; icon_openiconic=&#8221;vc-oi vc-oi-dial&#8221;&#8230;<\/p>\n","protected":false},"author":1,"featured_media":0,"parent":867,"menu_order":4,"comment_status":"closed","ping_status":"closed","template":"","meta":{"footnotes":""},"class_list":["post-874","page","type-page","status-publish","hentry"],"_links":{"self":[{"href":"https:\/\/christusnews.de\/site\/wp-json\/wp\/v2\/pages\/874","targetHints":{"allow":["GET"]}}],"collection":[{"href":"https:\/\/christusnews.de\/site\/wp-json\/wp\/v2\/pages"}],"about":[{"href":"https:\/\/christusnews.de\/site\/wp-json\/wp\/v2\/types\/page"}],"author":[{"embeddable":true,"href":"https:\/\/christusnews.de\/site\/wp-json\/wp\/v2\/users\/1"}],"replies":[{"embeddable":true,"href":"https:\/\/christusnews.de\/site\/wp-json\/wp\/v2\/comments?post=874"}],"version-history":[{"count":5,"href":"https:\/\/christusnews.de\/site\/wp-json\/wp\/v2\/pages\/874\/revisions"}],"predecessor-version":[{"id":1262,"href":"https:\/\/christusnews.de\/site\/wp-json\/wp\/v2\/pages\/874\/revisions\/1262"}],"up":[{"embeddable":true,"href":"https:\/\/christusnews.de\/site\/wp-json\/wp\/v2\/pages\/867"}],"wp:attachment":[{"href":"https:\/\/christusnews.de\/site\/wp-json\/wp\/v2\/media?parent=874"}],"curies":[{"name":"wp","href":"https:\/\/api.w.org\/{rel}","templated":true}]}}