{"id":878,"date":"2015-03-17T09:02:43","date_gmt":"2015-03-17T08:02:43","guid":{"rendered":"http:\/\/christusnews.de\/site\/?page_id=878"},"modified":"2015-05-16T23:47:05","modified_gmt":"2015-05-16T21:47:05","slug":"ueber-uns","status":"publish","type":"page","link":"https:\/\/christusnews.de\/site\/stiftung\/ueber-uns\/","title":{"rendered":"\u00dcber uns"},"content":{"rendered":"<div class=\"wpb-content-wrapper\"><p>[vc_row][vc_column width=&#8221;1\/1&#8243;][vc_single_image image=&#8221;1745&#8243; alignment=&#8221;center&#8221; border_color=&#8221;grey&#8221; img_link_large=&#8221;&#8221; img_link_target=&#8221;_self&#8221; img_size=&#8221;full&#8221;][\/vc_column][\/vc_row][vc_row][vc_column width=&#8221;1\/1&#8243;][vc_custom_heading text=&#8221;LASS&#8217; DICH ANSTIFTEN&#8221; font_container=&#8221;tag:h2|font_size:30|text_align:left&#8221; google_fonts=&#8221;font_family:Open%20Sans%3A300%2C300italic%2Cregular%2Citalic%2C600%2C600italic%2C700%2C700italic%2C800%2C800italic|font_style:400%20regular%3A400%3Anormal&#8221;][\/vc_column][\/vc_row][vc_row][vc_column width=&#8221;1\/1&#8243;][vc_column_text]<strong>&#8230;ZUR HOFFNUNG&lt;&lt;<\/strong><br \/>\nZum gro\u00dfen Teil finanziert sich die Arbeit einer Kirchengemeinde aus Zuweisungen von Kirchensteuermitteln von der Landeskirche. Die sind inden letzten Jahren zur\u00fcckgegangen und schrumpfen weiter. Auch bei Spenden und Kollekten gibt es Schwankungen, die verl\u00e4ssliche Planungen erschweren. Wir m\u00f6chten auch in Zukunft die ganze Bandbreite unserer Aktivit\u00e4ten anbieten. Daf\u00fcr brauchenwir ein erg\u00e4nzendes, finanzielles Standbein. Dies ist eine wesentliche Aufgabe der geplanten Stiftung. Der gro\u00dfe Vorteil einer Stiftung ist: Das Stiftungskapital bleibt auf Dauer erhalten. Lediglich die Ertr\u00e4ge werden j\u00e4hrlich f\u00fcr die Stiftungszwecke zur Verf\u00fcgung gestellt. Auf diese Weise tr\u00e4gt die Stiftung langfristig und verl\u00e4sslich zur Finanzierung der gemeindlichen Arbeit in der Christus- und Garnisonkirche bei. Eine Stiftunghilft dauerhaft \u2013 Jahr f\u00fcr Jahr. Die Errichtung einer Stiftung \u2013 oder die Beteiligung durch Zustiftungen \u2013 gibt der Stifterin oder dem Stifter die M\u00f6glichkeit, Verantwortung f\u00fcr das Gemeinwohl auf Dauer zu \u00fcbernehmen. Ihre Namen werden in den Annalen der Stiftung f\u00fcr sp\u00e4tere Generationen aufbewahrt.<\/p>\n<p>&nbsp;<\/p>\n<p>&nbsp;<\/p>\n<p><strong>&#8230;Zum Helfen&lt;&lt;<\/strong><br \/>\nF\u00fcr die Gr\u00fcndung einer Stiftung der Christus- und Garnisonkirche ben\u00f6tigen wir mindestens 50.000 \u20ac. Jede Zuwendung, auch die kleinste, kommt unserer Gemeinde in voller H\u00f6he zu Gute. Je h\u00f6her das Kapital, umso h\u00f6her die Ertr\u00e4ge am Jahresende. So hilft Ihre Gabe nicht nur einmalig, sondern auf Dauer. Sozusagen \u201eewig\u201c. Sie k\u00f6nnen unsere Stiftung auch mit einem Verm\u00e4chtnis bedenken, wenn Sie den Wunsch haben, die Christus- und Garnisonkirche auch \u00fcber den Tod hinaus zu f\u00f6rdern. Die eingehenden Gelder werden zun\u00e4chst auf einem Sperrkonto gesammelt, bis der Mindestbetrag von 50.000 \u20ac zur Gr\u00fcndung einer Stiftung erreicht ist. Das Geld darf nur daf\u00fcr verwendet werden. \u00dcber die Verwendung der Gelder legen wir \u00f6ffentlich Rechenschaft ab. Versprochen!<\/p>\n<p>&nbsp;<\/p>\n<p>&nbsp;<\/p>\n<p><strong>&#8230;ZUR FREUDE&lt;&lt;<\/strong><br \/>\nWas wird gef\u00f6rdert?<\/p>\n<p>Die Ertr\u00e4ge der Stiftung verschwinden nicht im \u201egro\u00dfen Haushaltstopf\u201c der Gemeinde, sondern werden ausschlie\u00dflich f\u00fcr konkrete Projekte der Gemeinde verwendet und zwar in folgenden Bereichen:<br \/>\n\u00b7 Projekte der Arbeit mit Kindern, Jugendlichen und Konfirmanden<br \/>\n\u00b7 Projekte der Arbeit mit \u00c4lteren<br \/>\n\u00b7 Musik in der Kirche<br \/>\n\u00b7 Gottesdienst und Projekte im Kirchengeb\u00e4ude<\/p>\n<p>&nbsp;<\/p>\n<p>Die Entscheidungen \u00fcber die Vergabe der Mittel trifft ein Stiftungsvorstand, der vom Gemeindekirchenrat der Christus- und Garnisonkirche berufen wird.<\/p>\n<p>&nbsp;<\/p>\n<p>&nbsp;<\/p>\n<p><strong>DANKE!<\/strong>[\/vc_column_text][\/vc_column][\/vc_row]<\/p>\n<\/div>","protected":false},"excerpt":{"rendered":"<p>[vc_row][vc_column width=&#8221;1\/1&#8243;][vc_single_image image=&#8221;1745&#8243; alignment=&#8221;center&#8221; border_color=&#8221;grey&#8221; img_link_large=&#8221;&#8221; img_link_target=&#8221;_self&#8221; img_size=&#8221;full&#8221;][\/vc_column][\/vc_row][vc_row][vc_column width=&#8221;1\/1&#8243;][vc_custom_heading text=&#8221;LASS&#8217; DICH ANSTIFTEN&#8221; font_container=&#8221;tag:h2|font_size:30|text_align:left&#8221; google_fonts=&#8221;font_family:Open%20Sans%3A300%2C300italic%2Cregular%2Citalic%2C600%2C600italic%2C700%2C700italic%2C800%2C800italic|font_style:400%20regular%3A400%3Anormal&#8221;][\/vc_column][\/vc_row][vc_row][vc_column width=&#8221;1\/1&#8243;][vc_column_text]&#8230;ZUR HOFFNUNG&lt;&lt; Zum gro\u00dfen Teil finanziert sich die Arbeit einer Kirchengemeinde aus Zuweisungen von Kirchensteuermitteln von der Landeskirche. Die sind inden letzten Jahren zur\u00fcckgegangen und schrumpfen weiter. Auch bei Spenden und Kollekten gibt es Schwankungen, die verl\u00e4ssliche Planungen erschweren. Wir m\u00f6chten auch in Zukunft die ganze Bandbreite unserer Aktivit\u00e4ten anbieten. Daf\u00fcr brauchenwir ein erg\u00e4nzendes, finanzielles Standbein. Dies ist eine wesentliche Aufgabe der geplanten Stiftung. Der gro\u00dfe Vorteil einer Stiftung ist: Das Stiftungskapital bleibt auf Dauer erhalten. Lediglich die Ertr\u00e4ge werden j\u00e4hrlich f\u00fcr die Stiftungszwecke zur Verf\u00fcgung&#8230;<\/p>\n","protected":false},"author":1,"featured_media":0,"parent":876,"menu_order":1,"comment_status":"closed","ping_status":"closed","template":"","meta":{"footnotes":""},"class_list":["post-878","page","type-page","status-publish","hentry"],"_links":{"self":[{"href":"https:\/\/christusnews.de\/site\/wp-json\/wp\/v2\/pages\/878","targetHints":{"allow":["GET"]}}],"collection":[{"href":"https:\/\/christusnews.de\/site\/wp-json\/wp\/v2\/pages"}],"about":[{"href":"https:\/\/christusnews.de\/site\/wp-json\/wp\/v2\/types\/page"}],"author":[{"embeddable":true,"href":"https:\/\/christusnews.de\/site\/wp-json\/wp\/v2\/users\/1"}],"replies":[{"embeddable":true,"href":"https:\/\/christusnews.de\/site\/wp-json\/wp\/v2\/comments?post=878"}],"version-history":[{"count":6,"href":"https:\/\/christusnews.de\/site\/wp-json\/wp\/v2\/pages\/878\/revisions"}],"predecessor-version":[{"id":1746,"href":"https:\/\/christusnews.de\/site\/wp-json\/wp\/v2\/pages\/878\/revisions\/1746"}],"up":[{"embeddable":true,"href":"https:\/\/christusnews.de\/site\/wp-json\/wp\/v2\/pages\/876"}],"wp:attachment":[{"href":"https:\/\/christusnews.de\/site\/wp-json\/wp\/v2\/media?parent=878"}],"curies":[{"name":"wp","href":"https:\/\/api.w.org\/{rel}","templated":true}]}}