{"id":93,"date":"2014-10-20T19:28:14","date_gmt":"2014-10-20T19:28:14","guid":{"rendered":"http:\/\/velikorodnov.com\/dev\/candidate\/?page_id=93"},"modified":"2024-02-19T12:01:19","modified_gmt":"2024-02-19T11:01:19","slug":"impressum","status":"publish","type":"page","link":"https:\/\/christusnews.de\/site\/impressum\/","title":{"rendered":"Impressum"},"content":{"rendered":"<div class=\"wpb-content-wrapper\"><p>[vc_row][vc_column][vc_column_text]<\/p>\n<div id=\"c229\" class=\"csc-default\">\n<h6>Verantwortlich f\u00fcr den Inhalt von christusnews.de\u00a0gem\u00e4\u00df <b>\u00a7 18 Abs. 2 MStV:<\/b><\/h6>\n<p class=\"bodytext\"><strong>Ev.-luth. Kirchengemeinde Havenkirche<\/strong><\/p>\n<p>Heppenser Stra\u00dfe 29<br \/>\nD-26384 Wilhelmshaven<\/p>\n<p>Telefon: <a href=\"tel:+494421302279\">04421 &#8211; 302279<\/a><br \/>\nE-Mail: <a href=\"mailto:kirchenbuero.whv-havenkirche@kirche-oldenburg.de\">kirchenbuero.whv-havenkirche@kirche-oldenburg.de<\/a><br \/>\nWeb: <a href=\"http:\/\/www.havenkirche.de\" target=\"_blank\" rel=\"noopener noreferrer\">www.havenkirche.de<\/a><\/p>\n<p class=\"bodytext\">\n<\/div>\n<div id=\"c230\" class=\"csc-default\">\n<h6>Verantwortliche Redaktion<\/h6>\n<p class=\"bodytext\"><strong>Gemeindekirchenrat der Kirchengemeinde Havenkirche<\/strong><br \/>\nVertreten durch Pastor Rainer Claus (Vorsitz GKR)<\/p>\n<p>Heppenser Stra\u00dfe 29<br \/>\nD-26384 Wilhelmshaven<\/p>\n<p>Telefon: <a href=\"tel:+494421302279\">04421 &#8211; 302279<\/a><br \/>\nE-Mail:\u00a0<a href=\"mailto:rainer.claus@kirche-oldenburg.de\">rainer.claus@kirche-oldenburg.de<\/a><br \/>\nWeb:\u00a0<a href=\"http:\/\/www.havenkirche.de\" target=\"_blank\" rel=\"noopener noreferrer\">www.havenkirche.de<\/a><\/p>\n<h6>Online-Redaktion:<\/h6>\n<p><a href=\"mailto:bernhard.busemann@christusnews.de\">Pastor Bernhard Busemann<\/a><br \/>\n<a href=\"mailto:frank.morgenstern@christusnews.de\">Pastor Frank Morgenstern<\/a><br \/>\n<a href=\"mailto:michael.devries@christusnews.de\">Michael de Vries<\/a><br \/>\nWebmaster: <a href=\"mailto:entwicklung@christusnews.de\">Marcel Kuchler<\/a><\/p>\n<p class=\"bodytext\">\n<\/div>\n<div id=\"c292\" class=\"csc-default\">\n<h6>Konzeption, Design und Realisierung<\/h6>\n<p class=\"bodytext\"><a href=\"http:\/\/ma3.tech\">ma3.tech<\/a> | marcel kuchler<\/p>\n<\/div>\n<div id=\"c231\" class=\"csc-default\"><\/div>\n<div id=\"c483\" class=\"csc-default\">\n<h6>Fotos und Grafiken<\/h6>\n<p class=\"bodytext\">Grafik im Seiten-Head: ma3.tech<\/p>\n<p class=\"bodytext\">DKfotodesign, ma3.tech, Pastoren und Gemeindemitglieder sowie andere Personen;<br \/>\nWenn nicht anders gekennzeichnet:<br \/>\n(c) by\u00a0Havenkirche<\/p>\n<\/div>\n<p>[\/vc_column_text][vc_separator][\/vc_column][\/vc_row][vc_row][vc_column][vc_column_text]<b><span style=\"text-decoration: underline;\">DATENSCHUTZ:<\/span><\/b><\/p>\n<p><strong>HAFTUNGSHINWEIS<\/strong><br \/>\nDie Inhalte unserer Seiten wurden mit gr\u00f6\u00dfter Sorgfalt erstellt. F\u00fcr die Richtigkeit, Vollst\u00e4ndigkeit und Aktualit\u00e4t der Inhalte k\u00f6nnen wir jedoch keine Gew\u00e4hr \u00fcbernehmen. Mit dem Urteil vom 12. Mai 1998 &#8212; 312 O 85\/98 &#8212; &#8220;Haftung f\u00fcr Links&#8221; hat das Landgericht (LG) in Hamburg entschieden, dass man durch die Anbringung eines Links, die Inhalte der gelinkten Seite ggf. mit zu verantworten hat. Dies kann &#8211; so das LG &#8211; nur dadurch verhindert werden, indem man sich ausdr\u00fccklich von diesen Inhalten distanziert. In dem Internetauftritt der Christus- und Garnisonkirche Wilhelmshaven befinden sich ggf. Links zu anderen Seiten im Internet. Wir betonen ausdr\u00fccklich, dass wir keinen Einfluss auf die Gestaltung und den Inhalt der externen Seiten haben, auf die verlinkt wird. Wir k\u00f6nnen daher auch keine Gew\u00e4hr f\u00fcr die Aktualit\u00e4t, Korrektheit, Vollst\u00e4ndigkeit oder Qualit\u00e4t der dort bereitgestellten Informationen \u00fcbernehmen. Deshalb distanziert sich die Christus- und Garnisonkirche Wilhelmshaven hiermit ausdr\u00fccklich von allen Inhalten dieser Seiten. Diese Erkl\u00e4rung gilt f\u00fcr alle auf unseren Internetseiten enthaltenen Links zu externen Internetseiten und alle Inhalte der Seiten, zu denen diese Links f\u00fchren.<\/p>\n<p>&nbsp;<\/p>\n<p>&nbsp;<\/p>\n<p><strong>URHEBERRECHT<\/strong><br \/>\nDie Webseiten der Christus- und Garnisonkirche Wilhelmshaven sind Urheberrechtlich gesch\u00fctzt. Eine Verwertung zu kommerziellen oder politischen Zwecken, im Ganzen, auszugsweise oder auch in ver\u00e4nderter Form, bedarf grunds\u00e4tzlich der vorherigen schriftlichen Zustimmung. Jede Vervielf\u00e4ltigung ist strafbar.<\/p>\n<p>&nbsp;<\/p>\n<p>&nbsp;<\/p>\n<p><strong>DATENSCHUTZ<\/strong><br \/>\nSoweit auf unseren Seiten personenbezogene Daten (z.B. Name, Anschrift oder eMail-Adressen) erhoben werden, erfolgt dies soweit m\u00f6glich stets auf freiwilliger Basis. Wir weisen darauf hin, dass die Daten\u00fcbertragung im Internet (z.B. bei der Kommunikation per Mail) Sicherheitsl\u00fccken aufweisen kann. Ein l\u00fcckenloser Schutz der Daten vor dem Zugriff durch Dritte ist nicht m\u00f6glich. Der Nutzung im Rahmen der Impressumspflicht ver\u00f6ffentlichten Kontaktdaten durch Dritte zur \u00dcbersendung von nicht ausdr\u00fccklich angeforderter Werbung und Informationsmaterialien wird hiermit ausdr\u00fccklich widersprochen. Der Betreiber der Seiten, die Christus- und Garnisonkirche Wilhelmshaven, beh\u00e4lt sich ausdr\u00fccklich rechtliche Schritte im Falle der unverlangten Zusendung von Spam-Mails vor.<\/p>\n<p>&nbsp;<\/p>\n<p>&nbsp;<\/p>\n<p><strong>FACEBOOK SOCIAL PLUGINS<\/strong><br \/>\nUnsere Internetseiten enthalten Social Plugins von Facebook (www.facebook.com), welches von der Facebook Inc., 1601 S. California Ave, Palo Alto, CA 94304, USA betrieben wird (\u201cFacebook\u201d). Die Plugins sind an einem der Facebook Logos erkennbar (wei\u00dfes \u201ef\u201c auf blauer Kachel oder ein \u201eDaumen hoch\u201c-Zeichen) oder sind mit dem Zusatz \u201cFacebook Social Plugin\u201d gekennzeichnet. Die Liste und das Aussehen der Facebook Social Plugins kann hier eingesehen werden:http:\/\/developers.facebook.com\/plugins.<\/p>\n<p>Wenn Sie eine Webseite unserer Internetseiten aufrufen, die ein solches Plugin enth\u00e4lt, baut Ihr Browser eine direkte Verbindung mit den Servern von Facebook auf. Der Inhalt des Plugins wird von Facebook direkt an Ihren Browser \u00fcbermittelt und von diesem in die Webseite eingebunden. Wir haben daher keinen Einfluss auf den Umfang der Daten, die Facebook mit Hilfe dieses Plugins erhebt und informieren Sie daher entsprechend unserem Kenntnisstand:<\/p>\n<p>Durch die Einbindung der Plugins erh\u00e4lt Facebook die Information, dass Sie die entsprechende Seite unserer Internetseiten aufgerufen haben. Sind Sie bei Facebook eingeloggt, kann Facebook den Besuch Ihrem Facebook-Konto zuordnen. Wenn Sie mit den Plugins interagieren, zum Beispiel den Like Button bet\u00e4tigen oder einen Kommentar abgeben, wird die entsprechende Information von Ihrem Browser direkt an Facebook \u00fcbermittelt und dort gespeichert. Falls Sie kein Mitglied von Facebook sind, besteht trotzdem die M\u00f6glichkeit, dass Facebook Ihre IP-Adresse in Erfahrung bringt und speichert.<\/p>\n<p>Zweck und Umfang der Datenerhebung und die weitere Verarbeitung und Nutzung der Daten durch Facebook sowie Ihre diesbez\u00fcglichen Rechte und Einstellungsm\u00f6glichkeiten zum Schutz Ihrer Privatssph\u00e4re entnehmen Sie bitte den Datenschutzhinweisen von Facebook:http:\/\/www.facebook.com\/policy.php.<\/p>\n<p>Wenn Sie Facebookmitglied sind und nicht m\u00f6chten, dass Facebook \u00fcber unseren Internetauftritt Daten \u00fcber Sie sammelt und mit Ihren bei Facebook gespeicherten Mitgliedsdaten verkn\u00fcpft, m\u00fcssen Sie sich vor Ihrem Besuch unserer Internetseiten bei Facebook ausloggen.<\/p>\n<p>Ebenfalls ist es m\u00f6glich Facebook-Social-Plugins mit Add-ons f\u00fcr Ihren Browser zu blocken, zum Beispiel mit dem \u201cFacebook Blocker\u201c.<\/p>\n<p><strong>GOOGLE ANALYTICS<\/strong><br \/>\nDiese Internetseiten benutzen Google Analytics, einen Webanalysedienst der Google Inc. (\u201eGoogle\u201c). Google Analytics verwendet sog. \u201eCookies\u201c, Textdateien, die auf Ihrem Computer gespeichert werden und die eine Analyse der Benutzung der Website durch Sie erm\u00f6glichen. Die durch den Cookie erzeugten Informationen \u00fcber Ihre Benutzung dieser Website werden in der Regel an einen Server von Google in den USA \u00fcbertragen und dort gespeichert. Im Falle der Aktivierung der IP-Anonymisierung auf dieser Webseite, wird Ihre IP-Adresse von Google jedoch innerhalb von Mitgliedstaaten der Europ\u00e4ischen Union oder in anderen Vertragsstaaten des Abkommens \u00fcber den Europ\u00e4ischen Wirtschaftsraum zuvor gek\u00fcrzt. Nur in Ausnahmef\u00e4llen wird die volle IP-Adresse an einen Server von Google in den USA \u00fcbertragen und dort gek\u00fcrzt. Im Auftrag des Betreibers dieses Internetauftritts wird Google diese Informationen benutzen, um Ihre Nutzung der Website auszuwerten, um Reports \u00fcber die Websiteaktivit\u00e4ten zusammenzustellen und um weitere mit der Websitenutzung und der Internetnutzung verbundene Dienstleistungen gegen\u00fcber dem Websitebetreiber zu erbringen. Die im Rahmen von Google Analytics von Ihrem Browser \u00fcbermittelte IP-Adresse wird nicht mit anderen Daten von Google zusammengef\u00fchrt. Sie k\u00f6nnen die Speicherung der Cookies durch eine entsprechende Einstellung Ihrer Browser-Software verhindern; wir weisen Sie jedoch darauf hin, dass Sie in diesem Fall gegebenenfalls nicht s\u00e4mtliche Funktionen dieses Internetauftritts vollumf\u00e4nglich nutzen k\u00f6nnen. Sie k\u00f6nnen dar\u00fcber hinaus die Erfassung der durch das Cookie erzeugten und auf Ihre Nutzung der Website bezogenen Daten (inkl. Ihrer IP-Adresse) an Google sowie die Verarbeitung dieser Daten durch Google verhindern, indem sie das unter dem folgenden Link (http:\/\/tools.google.com\/dlpage\/gaoptout?hl=de) verf\u00fcgbare Browser-Plugin herunterladen und installieren.<\/p>\n<p><strong>\u00a9 2024 Christus- und Garnisonkirche Wilhelmshaven | HAVENKIRCHE<\/strong>[\/vc_column_text][\/vc_column][\/vc_row]<\/p>\n<\/div>","protected":false},"excerpt":{"rendered":"<p>[vc_row][vc_column][vc_column_text] Verantwortlich f\u00fcr den Inhalt von christusnews.de\u00a0gem\u00e4\u00df \u00a7 18 Abs. 2 MStV: Ev.-luth. Kirchengemeinde Havenkirche Heppenser Stra\u00dfe 29 D-26384 Wilhelmshaven Telefon: 04421 &#8211; 302279 E-Mail: kirchenbuero.whv-havenkirche@kirche-oldenburg.de Web: www.havenkirche.de Verantwortliche Redaktion Gemeindekirchenrat der Kirchengemeinde Havenkirche Vertreten durch Pastor Rainer Claus (Vorsitz GKR) Heppenser Stra\u00dfe 29 D-26384 Wilhelmshaven Telefon: 04421 &#8211; 302279 E-Mail:\u00a0rainer.claus@kirche-oldenburg.de Web:\u00a0www.havenkirche.de Online-Redaktion: Pastor Bernhard Busemann Pastor Frank Morgenstern Michael de Vries Webmaster: Marcel Kuchler Konzeption, Design und Realisierung ma3.tech | marcel kuchler Fotos und Grafiken Grafik im Seiten-Head: ma3.tech DKfotodesign, ma3.tech, Pastoren und Gemeindemitglieder sowie andere Personen; Wenn nicht anders gekennzeichnet: (c) by\u00a0Havenkirche [\/vc_column_text][vc_separator][\/vc_column][\/vc_row][vc_row][vc_column][vc_column_text]DATENSCHUTZ: HAFTUNGSHINWEIS Die Inhalte unserer Seiten&#8230;<\/p>\n","protected":false},"author":1,"featured_media":0,"parent":0,"menu_order":10,"comment_status":"closed","ping_status":"closed","template":"","meta":{"footnotes":""},"class_list":["post-93","page","type-page","status-publish","hentry"],"_links":{"self":[{"href":"https:\/\/christusnews.de\/site\/wp-json\/wp\/v2\/pages\/93","targetHints":{"allow":["GET"]}}],"collection":[{"href":"https:\/\/christusnews.de\/site\/wp-json\/wp\/v2\/pages"}],"about":[{"href":"https:\/\/christusnews.de\/site\/wp-json\/wp\/v2\/types\/page"}],"author":[{"embeddable":true,"href":"https:\/\/christusnews.de\/site\/wp-json\/wp\/v2\/users\/1"}],"replies":[{"embeddable":true,"href":"https:\/\/christusnews.de\/site\/wp-json\/wp\/v2\/comments?post=93"}],"version-history":[{"count":26,"href":"https:\/\/christusnews.de\/site\/wp-json\/wp\/v2\/pages\/93\/revisions"}],"predecessor-version":[{"id":26528,"href":"https:\/\/christusnews.de\/site\/wp-json\/wp\/v2\/pages\/93\/revisions\/26528"}],"wp:attachment":[{"href":"https:\/\/christusnews.de\/site\/wp-json\/wp\/v2\/media?parent=93"}],"curies":[{"name":"wp","href":"https:\/\/api.w.org\/{rel}","templated":true}]}}